{"id":17682,"date":"2022-07-29T16:36:15","date_gmt":"2022-07-29T21:36:15","guid":{"rendered":"https:\/\/classeducation.com\/?post_type=product&#038;p=17682"},"modified":"2022-08-17T00:22:27","modified_gmt":"2022-08-17T05:22:27","slug":"college-of-the-rockies","status":"publish","type":"product","link":"https:\/\/classeducation.com\/en\/product\/college-of-the-rockies\/","title":{"rendered":"College of the Rockies"},"content":{"rendered":"<p>Ubicado en las Monta\u00f1as Rocosas de la Columbia Brit\u00e1nica. La regi\u00f3n cuenta con hermosos bosques para practicar senderismo, famosos centros tur\u00edsticos de aguas termales y algunas de las mejores \u00e1reas de esqu\u00ed y snowboard de Canad\u00e1.<\/p>","protected":false},"excerpt":{"rendered":"<p>Ubicado en las Monta\u00f1as Rocosas de la Columbia Brit\u00e1nica. La regi\u00f3n cuenta con hermosos bosques para practicar senderismo, famosos centros tur\u00edsticos de aguas termales y algunas de las mejores \u00e1reas de esqu\u00ed y snowboard de Canad\u00e1.<\/p>","protected":false},"featured_media":0,"comment_status":"open","ping_status":"closed","template":"","meta":{"_acf_changed":false},"product_brand":[],"product_cat":[48,51,49,52,56],"product_tag":[],"class_list":{"0":"post-17682","1":"product","2":"type-product","3":"status-publish","5":"product_cat-canada","6":"product_cat-certificado","7":"product_cat-colleges-universidades","8":"product_cat-diploma","9":"product_cat-licienciatura","11":"first","12":"instock","13":"virtual","14":"product-type-simple"},"acf":[],"_links":{"self":[{"href":"https:\/\/classeducation.com\/en\/wp-json\/wp\/v2\/product\/17682","targetHints":{"allow":["GET"]}}],"collection":[{"href":"https:\/\/classeducation.com\/en\/wp-json\/wp\/v2\/product"}],"about":[{"href":"https:\/\/classeducation.com\/en\/wp-json\/wp\/v2\/types\/product"}],"replies":[{"embeddable":true,"href":"https:\/\/classeducation.com\/en\/wp-json\/wp\/v2\/comments?post=17682"}],"wp:attachment":[{"href":"https:\/\/classeducation.com\/en\/wp-json\/wp\/v2\/media?parent=17682"}],"wp:term":[{"taxonomy":"product_brand","embeddable":true,"href":"https:\/\/classeducation.com\/en\/wp-json\/wp\/v2\/product_brand?post=17682"},{"taxonomy":"product_cat","embeddable":true,"href":"https:\/\/classeducation.com\/en\/wp-json\/wp\/v2\/product_cat?post=17682"},{"taxonomy":"product_tag","embeddable":true,"href":"https:\/\/classeducation.com\/en\/wp-json\/wp\/v2\/product_tag?post=17682"}],"curies":[{"name":"wp","href":"https:\/\/api.w.org\/{rel}","templated":true}]}}