{"id":17663,"date":"2022-07-25T20:11:02","date_gmt":"2022-07-26T01:11:02","guid":{"rendered":"https:\/\/classeducation.com\/?post_type=product&#038;p=17663"},"modified":"2022-08-17T00:32:10","modified_gmt":"2022-08-17T05:32:10","slug":"george-brown-college","status":"publish","type":"product","link":"https:\/\/classeducation.com\/en\/product\/george-brown-college\/","title":{"rendered":"George Brown College"},"content":{"rendered":"<p id=\"tw-target-text\" class=\"tw-data-text tw-text-large tw-ta\" dir=\"ltr\" data-placeholder=\"Traducci\u00f3n\"><span class=\"Y2IQFc\" lang=\"es\">Tres campus est\u00e1n ubicados en el centro de Toronto, la ciudad m\u00e1s grande y diversa de Canad\u00e1 y un centro importante para posibles empleadores. Sea cual sea tu pasi\u00f3n, tenemos tu programa. Ofrecemos m\u00e1s de 160 programas centrados en la carrera.<\/span><\/p>","protected":false},"excerpt":{"rendered":"<p>Tres campus est\u00e1n ubicados en el centro de Toronto, la ciudad m\u00e1s grande y diversa de Canad\u00e1 y un centro importante para posibles empleadores. Sea cual sea tu pasi\u00f3n, tenemos tu programa. Ofrecemos m\u00e1s de 160 programas centrados en la carrera.<\/p>","protected":false},"featured_media":0,"comment_status":"open","ping_status":"closed","template":"","meta":{"_acf_changed":false},"product_brand":[],"product_cat":[48,51,49,52,56],"product_tag":[],"class_list":{"0":"post-17663","1":"product","2":"type-product","3":"status-publish","5":"product_cat-canada","6":"product_cat-certificado","7":"product_cat-colleges-universidades","8":"product_cat-diploma","9":"product_cat-licienciatura","11":"first","12":"instock","13":"virtual","14":"product-type-simple"},"acf":[],"_links":{"self":[{"href":"https:\/\/classeducation.com\/en\/wp-json\/wp\/v2\/product\/17663","targetHints":{"allow":["GET"]}}],"collection":[{"href":"https:\/\/classeducation.com\/en\/wp-json\/wp\/v2\/product"}],"about":[{"href":"https:\/\/classeducation.com\/en\/wp-json\/wp\/v2\/types\/product"}],"replies":[{"embeddable":true,"href":"https:\/\/classeducation.com\/en\/wp-json\/wp\/v2\/comments?post=17663"}],"wp:attachment":[{"href":"https:\/\/classeducation.com\/en\/wp-json\/wp\/v2\/media?parent=17663"}],"wp:term":[{"taxonomy":"product_brand","embeddable":true,"href":"https:\/\/classeducation.com\/en\/wp-json\/wp\/v2\/product_brand?post=17663"},{"taxonomy":"product_cat","embeddable":true,"href":"https:\/\/classeducation.com\/en\/wp-json\/wp\/v2\/product_cat?post=17663"},{"taxonomy":"product_tag","embeddable":true,"href":"https:\/\/classeducation.com\/en\/wp-json\/wp\/v2\/product_tag?post=17663"}],"curies":[{"name":"wp","href":"https:\/\/api.w.org\/{rel}","templated":true}]}}