{"id":17599,"date":"2022-07-06T11:42:39","date_gmt":"2022-07-06T16:42:39","guid":{"rendered":"https:\/\/classeducation.com\/?post_type=product&#038;p=17599"},"modified":"2022-07-06T12:23:43","modified_gmt":"2022-07-06T17:23:43","slug":"oxford-international-career-colleges","status":"publish","type":"product","link":"https:\/\/classeducation.com\/en\/product\/oxford-international-career-colleges\/","title":{"rendered":"Oxford International Career Colleges"},"content":{"rendered":"<p id=\"tw-target-text\" class=\"tw-data-text tw-text-large tw-ta\" dir=\"ltr\" data-placeholder=\"Traducci\u00f3n\"><span class=\"Y2IQFc\" lang=\"es\">Fundada en 1991, Oxford International tiene una amplia cartera que cubre Career Colleges, programas universitarios, una amplia gama de cursos acad\u00e9micos y vocacionales en l\u00ednea a trav\u00e9s del OI Digital Institute y escuelas de ingl\u00e9s en el Reino Unido, Canad\u00e1 y los EE. UU. East Coast International College (ECIC), el Career College privado, es una subsidiaria de Oxford International Education Group. ECIC est\u00e1 ubicado en Halifax, Nueva Escocia y est\u00e1 aprobado por el Departamento de Trabajo y Educaci\u00f3n Avanzada de Nueva Escocia y es una instituci\u00f3n de aprendizaje designada (DLI) por IRCC.<\/span><\/p>","protected":false},"excerpt":{"rendered":"<p>Fundada en 1991, Oxford International tiene una amplia cartera que cubre Career Colleges, programas universitarios, una amplia gama de cursos acad\u00e9micos y vocacionales en l\u00ednea a trav\u00e9s del OI Digital Institute y escuelas de ingl\u00e9s en el Reino Unido, Canad\u00e1 y los EE. UU. East Coast International College (ECIC), el Career College privado, es una [&hellip;]<\/p>\n","protected":false},"featured_media":0,"comment_status":"open","ping_status":"closed","template":"","meta":{"_acf_changed":false},"product_brand":[],"product_cat":[48,51,49],"product_tag":[],"class_list":{"0":"post-17599","1":"product","2":"type-product","3":"status-publish","5":"product_cat-canada","6":"product_cat-certificado","7":"product_cat-colleges-universidades","9":"first","10":"instock","11":"virtual","12":"product-type-simple"},"acf":[],"_links":{"self":[{"href":"https:\/\/classeducation.com\/en\/wp-json\/wp\/v2\/product\/17599","targetHints":{"allow":["GET"]}}],"collection":[{"href":"https:\/\/classeducation.com\/en\/wp-json\/wp\/v2\/product"}],"about":[{"href":"https:\/\/classeducation.com\/en\/wp-json\/wp\/v2\/types\/product"}],"replies":[{"embeddable":true,"href":"https:\/\/classeducation.com\/en\/wp-json\/wp\/v2\/comments?post=17599"}],"wp:attachment":[{"href":"https:\/\/classeducation.com\/en\/wp-json\/wp\/v2\/media?parent=17599"}],"wp:term":[{"taxonomy":"product_brand","embeddable":true,"href":"https:\/\/classeducation.com\/en\/wp-json\/wp\/v2\/product_brand?post=17599"},{"taxonomy":"product_cat","embeddable":true,"href":"https:\/\/classeducation.com\/en\/wp-json\/wp\/v2\/product_cat?post=17599"},{"taxonomy":"product_tag","embeddable":true,"href":"https:\/\/classeducation.com\/en\/wp-json\/wp\/v2\/product_tag?post=17599"}],"curies":[{"name":"wp","href":"https:\/\/api.w.org\/{rel}","templated":true}]}}