{"id":17591,"date":"2022-07-06T10:59:13","date_gmt":"2022-07-06T15:59:13","guid":{"rendered":"https:\/\/classeducation.com\/?post_type=product&#038;p=17591"},"modified":"2022-07-27T16:03:43","modified_gmt":"2022-07-27T21:03:43","slug":"red-river-college-polytechnic","status":"publish","type":"product","link":"https:\/\/classeducation.com\/en\/product\/red-river-college-polytechnic\/","title":{"rendered":"Red River College Polytechnic"},"content":{"rendered":"<p id=\"tw-target-text\" class=\"tw-data-text tw-text-large tw-ta\" dir=\"ltr\" data-placeholder=\"Traducci\u00f3n\"><span class=\"Y2IQFc\" lang=\"es\">Red River College Polytechnic est\u00e1 orgullosamente ubicado en la provincia de Manitoba. Aqu\u00ed encontrar\u00e1s m\u00e1s de 60 programas acad\u00e9micos dedicados a estudiantes internacionales.<\/span><\/p>","protected":false},"excerpt":{"rendered":"<p>Red River College Polytechnic est\u00e1 orgullosamente ubicado en la provincia de Manitoba. Aqu\u00ed encontrar\u00e1s m\u00e1s de 60 programas acad\u00e9micos dedicados a estudiantes internacionales.<\/p>","protected":false},"featured_media":0,"comment_status":"open","ping_status":"closed","template":"","meta":{"_acf_changed":false},"product_brand":[],"product_cat":[48,51,49,52,56],"product_tag":[],"class_list":{"0":"post-17591","1":"product","2":"type-product","3":"status-publish","5":"product_cat-canada","6":"product_cat-certificado","7":"product_cat-colleges-universidades","8":"product_cat-diploma","9":"product_cat-licienciatura","11":"first","12":"instock","13":"virtual","14":"product-type-simple"},"acf":[],"_links":{"self":[{"href":"https:\/\/classeducation.com\/en\/wp-json\/wp\/v2\/product\/17591","targetHints":{"allow":["GET"]}}],"collection":[{"href":"https:\/\/classeducation.com\/en\/wp-json\/wp\/v2\/product"}],"about":[{"href":"https:\/\/classeducation.com\/en\/wp-json\/wp\/v2\/types\/product"}],"replies":[{"embeddable":true,"href":"https:\/\/classeducation.com\/en\/wp-json\/wp\/v2\/comments?post=17591"}],"wp:attachment":[{"href":"https:\/\/classeducation.com\/en\/wp-json\/wp\/v2\/media?parent=17591"}],"wp:term":[{"taxonomy":"product_brand","embeddable":true,"href":"https:\/\/classeducation.com\/en\/wp-json\/wp\/v2\/product_brand?post=17591"},{"taxonomy":"product_cat","embeddable":true,"href":"https:\/\/classeducation.com\/en\/wp-json\/wp\/v2\/product_cat?post=17591"},{"taxonomy":"product_tag","embeddable":true,"href":"https:\/\/classeducation.com\/en\/wp-json\/wp\/v2\/product_tag?post=17591"}],"curies":[{"name":"wp","href":"https:\/\/api.w.org\/{rel}","templated":true}]}}