{"id":17479,"date":"2022-06-09T12:15:27","date_gmt":"2022-06-09T17:15:27","guid":{"rendered":"https:\/\/classeducation.com\/?post_type=product&#038;p=17479"},"modified":"2022-06-20T21:48:07","modified_gmt":"2022-06-21T02:48:07","slug":"international-gateway-kelowna-igk","status":"publish","type":"product","link":"https:\/\/classeducation.com\/en\/product\/international-gateway-kelowna-igk\/","title":{"rendered":"International Gateway Kelowna IGK"},"content":{"rendered":"<p id=\"tw-target-text\" class=\"tw-data-text tw-text-large tw-ta\" dir=\"ltr\" data-placeholder=\"Traducci\u00f3n\"><span class=\"Y2IQFc\" lang=\"es\">La instituci\u00f3n ofrece clases de ESL para adultos y j\u00f3venes, programas de ingl\u00e9s especializados, incluidos los Pathway Programs, y una amplia gama de certificados y diplomas profesionales en nuestra universidad profesional. IGK se enorgullece de tener un plan de estudios enfocado acad\u00e9micamente con aplicaci\u00f3n pr\u00e1ctica y de tener maestros capacitados para ayudar a nuestros estudiantes a alcanzar sus metas acad\u00e9micas y profesionales.<\/span><\/p>","protected":false},"excerpt":{"rendered":"<p>La instituci\u00f3n ofrece clases de ESL para adultos y j\u00f3venes, programas de ingl\u00e9s especializados, incluidos los Pathway Programs, y una amplia gama de certificados y diplomas profesionales en nuestra universidad profesional. IGK se enorgullece de tener un plan de estudios enfocado acad\u00e9micamente con aplicaci\u00f3n pr\u00e1ctica y de tener maestros capacitados para ayudar a nuestros estudiantes [&hellip;]<\/p>\n","protected":false},"featured_media":17482,"comment_status":"open","ping_status":"closed","template":"","meta":{"_acf_changed":false},"product_brand":[],"product_cat":[48,53,55],"product_tag":[],"class_list":{"0":"post-17479","1":"product","2":"type-product","3":"status-publish","4":"has-post-thumbnail","6":"product_cat-canada","7":"product_cat-estudia-y-trabaja","8":"product_cat-idiomas","10":"first","11":"instock","12":"virtual","13":"product-type-simple"},"acf":[],"_links":{"self":[{"href":"https:\/\/classeducation.com\/en\/wp-json\/wp\/v2\/product\/17479","targetHints":{"allow":["GET"]}}],"collection":[{"href":"https:\/\/classeducation.com\/en\/wp-json\/wp\/v2\/product"}],"about":[{"href":"https:\/\/classeducation.com\/en\/wp-json\/wp\/v2\/types\/product"}],"replies":[{"embeddable":true,"href":"https:\/\/classeducation.com\/en\/wp-json\/wp\/v2\/comments?post=17479"}],"wp:featuredmedia":[{"embeddable":true,"href":"https:\/\/classeducation.com\/en\/wp-json\/wp\/v2\/media\/17482"}],"wp:attachment":[{"href":"https:\/\/classeducation.com\/en\/wp-json\/wp\/v2\/media?parent=17479"}],"wp:term":[{"taxonomy":"product_brand","embeddable":true,"href":"https:\/\/classeducation.com\/en\/wp-json\/wp\/v2\/product_brand?post=17479"},{"taxonomy":"product_cat","embeddable":true,"href":"https:\/\/classeducation.com\/en\/wp-json\/wp\/v2\/product_cat?post=17479"},{"taxonomy":"product_tag","embeddable":true,"href":"https:\/\/classeducation.com\/en\/wp-json\/wp\/v2\/product_tag?post=17479"}],"curies":[{"name":"wp","href":"https:\/\/api.w.org\/{rel}","templated":true}]}}