{"id":17431,"date":"2022-06-06T17:42:13","date_gmt":"2022-06-06T22:42:13","guid":{"rendered":"https:\/\/classeducation.com\/?post_type=product&#038;p=17431"},"modified":"2022-06-09T11:42:33","modified_gmt":"2022-06-09T16:42:33","slug":"ilac-2","status":"publish","type":"product","link":"https:\/\/classeducation.com\/en\/product\/ilac-2\/","title":{"rendered":"ILAC"},"content":{"rendered":"<p>Instituci\u00f3n de idiomas m\u00e1s premiada del mundo con 25 a\u00f1os de experiencia, ubicados en Toronto (5 Campus) y Vancouver (4 Campus) es una de las escuelas de ingl\u00e9s m\u00e1s diversas con estudiantes de m\u00e1s de 90 pa\u00edses.<\/p>","protected":false},"excerpt":{"rendered":"<p>Instituci\u00f3n de idiomas m\u00e1s premiada del mundo con 25 a\u00f1os de experiencia, ubicados en Toronto (5 Campus) y Vancouver (4 Campus) es una de las escuelas de ingl\u00e9s m\u00e1s diversas con estudiantes de m\u00e1s de 90 pa\u00edses.<\/p>","protected":false},"featured_media":17476,"comment_status":"open","ping_status":"closed","template":"","meta":{"_acf_changed":false},"product_brand":[],"product_cat":[48,53,55],"product_tag":[],"class_list":{"0":"post-17431","1":"product","2":"type-product","3":"status-publish","4":"has-post-thumbnail","6":"product_cat-canada","7":"product_cat-estudia-y-trabaja","8":"product_cat-idiomas","10":"first","11":"instock","12":"virtual","13":"product-type-simple"},"acf":[],"_links":{"self":[{"href":"https:\/\/classeducation.com\/en\/wp-json\/wp\/v2\/product\/17431","targetHints":{"allow":["GET"]}}],"collection":[{"href":"https:\/\/classeducation.com\/en\/wp-json\/wp\/v2\/product"}],"about":[{"href":"https:\/\/classeducation.com\/en\/wp-json\/wp\/v2\/types\/product"}],"replies":[{"embeddable":true,"href":"https:\/\/classeducation.com\/en\/wp-json\/wp\/v2\/comments?post=17431"}],"wp:featuredmedia":[{"embeddable":true,"href":"https:\/\/classeducation.com\/en\/wp-json\/wp\/v2\/media\/17476"}],"wp:attachment":[{"href":"https:\/\/classeducation.com\/en\/wp-json\/wp\/v2\/media?parent=17431"}],"wp:term":[{"taxonomy":"product_brand","embeddable":true,"href":"https:\/\/classeducation.com\/en\/wp-json\/wp\/v2\/product_brand?post=17431"},{"taxonomy":"product_cat","embeddable":true,"href":"https:\/\/classeducation.com\/en\/wp-json\/wp\/v2\/product_cat?post=17431"},{"taxonomy":"product_tag","embeddable":true,"href":"https:\/\/classeducation.com\/en\/wp-json\/wp\/v2\/product_tag?post=17431"}],"curies":[{"name":"wp","href":"https:\/\/api.w.org\/{rel}","templated":true}]}}