{"id":17334,"date":"2022-05-28T19:06:09","date_gmt":"2022-05-29T00:06:09","guid":{"rendered":"https:\/\/classeducation.com\/?post_type=product&#038;p=17334"},"modified":"2022-06-15T21:59:13","modified_gmt":"2022-06-16T02:59:13","slug":"ryerson-university-international-college-ruic","status":"publish","type":"product","link":"https:\/\/classeducation.com\/en\/product\/ryerson-university-international-college-ruic\/","title":{"rendered":"Toronto Metropolitan University International College (TMUIC)"},"content":{"rendered":"<p>Toronto Metropolitan University International College ofrece atenci\u00f3n personalizada a sus estudiantes internacionales en su 1er a\u00f1o a trav\u00e9s de su programa Toronto Metropolitan University International College (TMUIC).<\/p>","protected":false},"excerpt":{"rendered":"<p>Toronto Metropolitan University International College ofrece atenci\u00f3n personalizada a sus estudiantes internacionales en su 1er a\u00f1o a trav\u00e9s de su programa Toronto Metropolitan University International College (TMUIC).<\/p>","protected":false},"featured_media":17335,"comment_status":"open","ping_status":"closed","template":"","meta":{"_acf_changed":false},"product_brand":[],"product_cat":[48,49,56],"product_tag":[],"class_list":{"0":"post-17334","1":"product","2":"type-product","3":"status-publish","4":"has-post-thumbnail","6":"product_cat-canada","7":"product_cat-colleges-universidades","8":"product_cat-licienciatura","10":"first","11":"instock","12":"virtual","13":"product-type-simple"},"acf":[],"_links":{"self":[{"href":"https:\/\/classeducation.com\/en\/wp-json\/wp\/v2\/product\/17334","targetHints":{"allow":["GET"]}}],"collection":[{"href":"https:\/\/classeducation.com\/en\/wp-json\/wp\/v2\/product"}],"about":[{"href":"https:\/\/classeducation.com\/en\/wp-json\/wp\/v2\/types\/product"}],"replies":[{"embeddable":true,"href":"https:\/\/classeducation.com\/en\/wp-json\/wp\/v2\/comments?post=17334"}],"wp:featuredmedia":[{"embeddable":true,"href":"https:\/\/classeducation.com\/en\/wp-json\/wp\/v2\/media\/17335"}],"wp:attachment":[{"href":"https:\/\/classeducation.com\/en\/wp-json\/wp\/v2\/media?parent=17334"}],"wp:term":[{"taxonomy":"product_brand","embeddable":true,"href":"https:\/\/classeducation.com\/en\/wp-json\/wp\/v2\/product_brand?post=17334"},{"taxonomy":"product_cat","embeddable":true,"href":"https:\/\/classeducation.com\/en\/wp-json\/wp\/v2\/product_cat?post=17334"},{"taxonomy":"product_tag","embeddable":true,"href":"https:\/\/classeducation.com\/en\/wp-json\/wp\/v2\/product_tag?post=17334"}],"curies":[{"name":"wp","href":"https:\/\/api.w.org\/{rel}","templated":true}]}}