{"id":17144,"date":"2022-03-24T13:07:36","date_gmt":"2022-03-24T19:07:36","guid":{"rendered":"https:\/\/classeducation.com\/?post_type=product&#038;p=17144"},"modified":"2022-04-21T09:33:28","modified_gmt":"2022-04-21T14:33:28","slug":"loyalist-college","status":"publish","type":"product","link":"https:\/\/classeducation.com\/en\/product\/loyalist-college\/","title":{"rendered":"Loyalist College"},"content":{"rendered":"<p>Instituci\u00f3n p\u00fablica, ubicada en Belleville, Ontario, Canad\u00e1, cuenta con 6,500 estudiantes y 3,500 estudiantes internacionales con m\u00e1s de 45 nacionalidades. Utiliza la Metodolog\u00eda te\u00f3rico \u2013 pr\u00e1ctica (Hands On), sus programas son: Certificados, Diplomas y\u00a0 Licenciaturas.<\/p>\n<p>\u00c1reas de estudio:<\/p>\n<ul>\n<li>Biosciences<br \/>\nBuilding Sciences<\/li>\n<li>Community Service<\/li>\n<li>Engineering<\/li>\n<li>Health and Wellness<\/li>\n<li>IT<\/li>\n<li>Media Studies<\/li>\n<li>Public safety<\/li>\n<li>Skilled trades<\/li>\n<\/ul>\n<p>Especialidad en \u00e1reas como:<\/p>\n<ul>\n<li>Biociencias<\/li>\n<li>Biotecnolog\u00eda<\/li>\n<li>Ingenier\u00eda Qu\u00edmica y Ciencias Aplicadas al Cannabis<\/li>\n<\/ul>\n<p>\u00danica instituci\u00f3n de educaci\u00f3n superior en Belleville por lo tanto la competencia laboral es m\u00ednima, ademas el 88% de los estudiantes son empleados antes de 6 meses despu\u00e9s de terminados sus estudios ya que cuenta con convenio con empresas para emplear a sus estudiantes una vez graduados como Siemens, Canopy Growth y Hexo, con un salario m\u00ednimo para un reci\u00e9n agresado CAD $35 a 45,000 anuales<\/p>\n<p>El costo de vida 40% m\u00e1s bajo que en Toronto o Vancouver, provinica nominada en 2020 para el programa piloto de migraci\u00f3n y cuenta con programas elegibles para PGWP (Permiso de Trabajo hasta por 3 a\u00f1os).<\/p>","protected":false},"excerpt":{"rendered":"<p>Instituci\u00f3n p\u00fablica, ubicada en Belleville, Ontario, Canad\u00e1, cuenta con 6,500 estudiantes y 3,500 estudiantes internacionales con m\u00e1s de 45 nacionalidades. Utiliza la Metodolog\u00eda te\u00f3rico \u2013 pr\u00e1ctica (Hands On), sus programas son: Certificados, Diplomas y\u00a0 Licenciaturas. \u00c1reas de estudio: Biosciences Building Sciences Community Service Engineering Health and Wellness IT Media Studies Public safety Skilled trades Especialidad [&hellip;]<\/p>\n","protected":false},"featured_media":17147,"comment_status":"open","ping_status":"closed","template":"","meta":{"_acf_changed":false},"product_brand":[],"product_cat":[48,49,52,56],"product_tag":[],"class_list":{"0":"post-17144","1":"product","2":"type-product","3":"status-publish","4":"has-post-thumbnail","6":"product_cat-canada","7":"product_cat-colleges-universidades","8":"product_cat-diploma","9":"product_cat-licienciatura","11":"first","12":"instock","13":"virtual","14":"product-type-simple"},"acf":[],"_links":{"self":[{"href":"https:\/\/classeducation.com\/en\/wp-json\/wp\/v2\/product\/17144","targetHints":{"allow":["GET"]}}],"collection":[{"href":"https:\/\/classeducation.com\/en\/wp-json\/wp\/v2\/product"}],"about":[{"href":"https:\/\/classeducation.com\/en\/wp-json\/wp\/v2\/types\/product"}],"replies":[{"embeddable":true,"href":"https:\/\/classeducation.com\/en\/wp-json\/wp\/v2\/comments?post=17144"}],"wp:featuredmedia":[{"embeddable":true,"href":"https:\/\/classeducation.com\/en\/wp-json\/wp\/v2\/media\/17147"}],"wp:attachment":[{"href":"https:\/\/classeducation.com\/en\/wp-json\/wp\/v2\/media?parent=17144"}],"wp:term":[{"taxonomy":"product_brand","embeddable":true,"href":"https:\/\/classeducation.com\/en\/wp-json\/wp\/v2\/product_brand?post=17144"},{"taxonomy":"product_cat","embeddable":true,"href":"https:\/\/classeducation.com\/en\/wp-json\/wp\/v2\/product_cat?post=17144"},{"taxonomy":"product_tag","embeddable":true,"href":"https:\/\/classeducation.com\/en\/wp-json\/wp\/v2\/product_tag?post=17144"}],"curies":[{"name":"wp","href":"https:\/\/api.w.org\/{rel}","templated":true}]}}