{"id":17127,"date":"2022-03-16T21:50:39","date_gmt":"2022-03-17T03:50:39","guid":{"rendered":"https:\/\/classeducation.com\/?post_type=product&#038;p=17127"},"modified":"2023-01-15T18:39:28","modified_gmt":"2023-01-16T00:39:28","slug":"stenberg-colllege","status":"publish","type":"product","link":"https:\/\/classeducation.com\/en\/product\/stenberg-colllege\/","title":{"rendered":"Stenberg College"},"content":{"rendered":"<p>Instituci\u00f3n privada con 3 campus en Surrey, British Columbia, Canad\u00e1, es la segunda provincia m\u00e1s grande de British Columbia, a 40 minutos de Vancouver. Cuenta con programas certificados, diplomas y diplomas de Posgrado<\/p>\n<p>\u00c1reas de Estudio:<\/p>\n<ul>\n<li>Educaci\u00f3n.<\/li>\n<li>Health Care Assistant.<\/li>\n<li>Animaci\u00f3n 2D y 3D.<\/li>\n<li>Enfermer\u00eda<\/li>\n<li>Negocios.<\/li>\n<\/ul>","protected":false},"excerpt":{"rendered":"<p>Instituci\u00f3n privada con 3 campus en Surrey, British Columbia, Canad\u00e1, es la segunda provincia m\u00e1s grande de British Columbia, a 40 minutos de Vancouver. Cuenta con programas certificados, diplomas y diplomas de Posgrado \u00c1reas de Estudio: Educaci\u00f3n. Health Care Assistant. Animaci\u00f3n 2D y 3D. Enfermer\u00eda Negocios.<\/p>","protected":false},"featured_media":17128,"comment_status":"open","ping_status":"closed","template":"","meta":{"_acf_changed":false},"product_brand":[],"product_cat":[48,51,49,52,56],"product_tag":[],"class_list":{"0":"post-17127","1":"product","2":"type-product","3":"status-publish","4":"has-post-thumbnail","6":"product_cat-canada","7":"product_cat-certificado","8":"product_cat-colleges-universidades","9":"product_cat-diploma","10":"product_cat-licienciatura","12":"first","13":"instock","14":"virtual","15":"product-type-simple"},"acf":[],"_links":{"self":[{"href":"https:\/\/classeducation.com\/en\/wp-json\/wp\/v2\/product\/17127","targetHints":{"allow":["GET"]}}],"collection":[{"href":"https:\/\/classeducation.com\/en\/wp-json\/wp\/v2\/product"}],"about":[{"href":"https:\/\/classeducation.com\/en\/wp-json\/wp\/v2\/types\/product"}],"replies":[{"embeddable":true,"href":"https:\/\/classeducation.com\/en\/wp-json\/wp\/v2\/comments?post=17127"}],"wp:featuredmedia":[{"embeddable":true,"href":"https:\/\/classeducation.com\/en\/wp-json\/wp\/v2\/media\/17128"}],"wp:attachment":[{"href":"https:\/\/classeducation.com\/en\/wp-json\/wp\/v2\/media?parent=17127"}],"wp:term":[{"taxonomy":"product_brand","embeddable":true,"href":"https:\/\/classeducation.com\/en\/wp-json\/wp\/v2\/product_brand?post=17127"},{"taxonomy":"product_cat","embeddable":true,"href":"https:\/\/classeducation.com\/en\/wp-json\/wp\/v2\/product_cat?post=17127"},{"taxonomy":"product_tag","embeddable":true,"href":"https:\/\/classeducation.com\/en\/wp-json\/wp\/v2\/product_tag?post=17127"}],"curies":[{"name":"wp","href":"https:\/\/api.w.org\/{rel}","templated":true}]}}