{"id":16457,"date":"2022-01-28T14:56:52","date_gmt":"2022-01-28T20:56:52","guid":{"rendered":"https:\/\/classeducation.com\/?post_type=product&#038;p=16457"},"modified":"2022-03-12T14:28:31","modified_gmt":"2022-03-12T20:28:31","slug":"sprott-idiomas","status":"publish","type":"product","link":"https:\/\/classeducation.com\/en\/product\/sprott-idiomas\/","title":{"rendered":"SPROTT IDIOMAS"},"content":{"rendered":"<p>SSLC ofrece a los estudiantes un programa dise\u00f1ado para brindarles la preparaci\u00f3n que necesitan para obtener una calificaci\u00f3n exitosa en el examen.\u00a0Los puntajes acad\u00e9micos de IELTS;\u00a0el enfoque de este programa, ayudar\u00e1 a los estudiantes para un futuro en la universidad o colegio.<\/p>\n<p>El examen IELTS tambi\u00e9n tiene un m\u00f3dulo de capacitaci\u00f3n general para posibles inmigrantes, partes del examen son las mismas, pero este curso solo se centrar\u00e1 en la versi\u00f3n acad\u00e9mica del examen.<\/p>","protected":false},"excerpt":{"rendered":"<p>SSLC ofrece a los estudiantes un programa dise\u00f1ado para brindarles la preparaci\u00f3n que necesitan para obtener una calificaci\u00f3n exitosa en el examen.\u00a0Los puntajes acad\u00e9micos de IELTS;\u00a0el enfoque de este programa, ayudar\u00e1 a los estudiantes para un futuro en la universidad o colegio. El examen IELTS tambi\u00e9n tiene un m\u00f3dulo de capacitaci\u00f3n general para posibles inmigrantes, [&hellip;]<\/p>\n","protected":false},"featured_media":17102,"comment_status":"open","ping_status":"closed","template":"","meta":{"_acf_changed":false},"product_brand":[],"product_cat":[48,55],"product_tag":[],"class_list":{"0":"post-16457","1":"product","2":"type-product","3":"status-publish","4":"has-post-thumbnail","6":"product_cat-canada","7":"product_cat-idiomas","9":"first","10":"instock","11":"virtual","12":"product-type-simple"},"acf":[],"_links":{"self":[{"href":"https:\/\/classeducation.com\/en\/wp-json\/wp\/v2\/product\/16457","targetHints":{"allow":["GET"]}}],"collection":[{"href":"https:\/\/classeducation.com\/en\/wp-json\/wp\/v2\/product"}],"about":[{"href":"https:\/\/classeducation.com\/en\/wp-json\/wp\/v2\/types\/product"}],"replies":[{"embeddable":true,"href":"https:\/\/classeducation.com\/en\/wp-json\/wp\/v2\/comments?post=16457"}],"wp:featuredmedia":[{"embeddable":true,"href":"https:\/\/classeducation.com\/en\/wp-json\/wp\/v2\/media\/17102"}],"wp:attachment":[{"href":"https:\/\/classeducation.com\/en\/wp-json\/wp\/v2\/media?parent=16457"}],"wp:term":[{"taxonomy":"product_brand","embeddable":true,"href":"https:\/\/classeducation.com\/en\/wp-json\/wp\/v2\/product_brand?post=16457"},{"taxonomy":"product_cat","embeddable":true,"href":"https:\/\/classeducation.com\/en\/wp-json\/wp\/v2\/product_cat?post=16457"},{"taxonomy":"product_tag","embeddable":true,"href":"https:\/\/classeducation.com\/en\/wp-json\/wp\/v2\/product_tag?post=16457"}],"curies":[{"name":"wp","href":"https:\/\/api.w.org\/{rel}","templated":true}]}}