{"id":16342,"date":"2022-01-24T20:06:31","date_gmt":"2022-01-25T02:06:31","guid":{"rendered":"https:\/\/classeducation.com\/?post_type=product&#038;p=16342"},"modified":"2022-03-12T14:45:04","modified_gmt":"2022-03-12T20:45:04","slug":"greystone-college","status":"publish","type":"product","link":"https:\/\/classeducation.com\/en\/product\/greystone-college\/","title":{"rendered":"Greystone College"},"content":{"rendered":"<p>Construye tu red internacional de contactos y haz realidad sus sue\u00f1os con programas de formaci\u00f3n profesional de calidad en Greystone College. Elije una educaci\u00f3n pr\u00e1ctica (Co-op), un programa de pr\u00e1cticas profesionales para combinar tu aprendizaje con experiencia laboral relevante en negocios, marketing digital, hoteler\u00eda o formaci\u00f3n de profesores.<\/p>\n<p>Si no dominas el idioma empieza en las escuelas de idiomas de ILSC. Transfiere cr\u00e9ditos desde Greystone hacia los otros colleges para potencializar tus estudios al m\u00e1ximo. Un camino ideal para empezar tu plan de vida en Canad\u00e1.<\/p>\n<p>Los programas elegibles para el Permiso de trabajo de posgrado (PGWP) est\u00e1n disponibles en nuestro campus de Montreal, a trav\u00e9s de programas de especializaci\u00f3n en nuestros socios de educaci\u00f3n superior en Vancouver y Toronto.<\/p>","protected":false},"excerpt":{"rendered":"<p>Construye tu red internacional de contactos y haz realidad sus sue\u00f1os con programas de formaci\u00f3n profesional de calidad en Greystone College. Elije una educaci\u00f3n pr\u00e1ctica (Co-op), un programa de pr\u00e1cticas profesionales para combinar tu aprendizaje con experiencia laboral relevante en negocios, marketing digital, hoteler\u00eda o formaci\u00f3n de profesores. Si no dominas el idioma empieza en [&hellip;]<\/p>\n","protected":false},"featured_media":17105,"comment_status":"open","ping_status":"closed","template":"","meta":{"_acf_changed":false},"product_brand":[],"product_cat":[48,52,53],"product_tag":[],"class_list":{"0":"post-16342","1":"product","2":"type-product","3":"status-publish","4":"has-post-thumbnail","6":"product_cat-canada","7":"product_cat-diploma","8":"product_cat-estudia-y-trabaja","10":"first","11":"instock","12":"virtual","13":"product-type-simple"},"acf":[],"_links":{"self":[{"href":"https:\/\/classeducation.com\/en\/wp-json\/wp\/v2\/product\/16342","targetHints":{"allow":["GET"]}}],"collection":[{"href":"https:\/\/classeducation.com\/en\/wp-json\/wp\/v2\/product"}],"about":[{"href":"https:\/\/classeducation.com\/en\/wp-json\/wp\/v2\/types\/product"}],"replies":[{"embeddable":true,"href":"https:\/\/classeducation.com\/en\/wp-json\/wp\/v2\/comments?post=16342"}],"wp:featuredmedia":[{"embeddable":true,"href":"https:\/\/classeducation.com\/en\/wp-json\/wp\/v2\/media\/17105"}],"wp:attachment":[{"href":"https:\/\/classeducation.com\/en\/wp-json\/wp\/v2\/media?parent=16342"}],"wp:term":[{"taxonomy":"product_brand","embeddable":true,"href":"https:\/\/classeducation.com\/en\/wp-json\/wp\/v2\/product_brand?post=16342"},{"taxonomy":"product_cat","embeddable":true,"href":"https:\/\/classeducation.com\/en\/wp-json\/wp\/v2\/product_cat?post=16342"},{"taxonomy":"product_tag","embeddable":true,"href":"https:\/\/classeducation.com\/en\/wp-json\/wp\/v2\/product_tag?post=16342"}],"curies":[{"name":"wp","href":"https:\/\/api.w.org\/{rel}","templated":true}]}}