{"id":16304,"date":"2022-01-17T16:54:01","date_gmt":"2022-01-17T22:54:01","guid":{"rendered":"https:\/\/classeducation.com\/?post_type=product&#038;p=16304"},"modified":"2022-12-20T18:37:02","modified_gmt":"2022-12-21T00:37:02","slug":"ucw","status":"publish","type":"product","link":"https:\/\/classeducation.com\/en\/product\/ucw\/","title":{"rendered":"UCW"},"content":{"rendered":"<p><span class=\"d8 d29 d30 m10 m37 m38\">UCW <\/span><span class=\"d8 d29 d30 m10 m37 m38\">es una universidad innovadora orientada a los negocios y la tecnolog\u00eda con \u00e9nfasis en la experiencia pr\u00e1ctica, <\/span><span class=\"d8 d29 d30 m10 m37 m38\">es una instituci\u00f3n din\u00e1mica y en crecimiento definida por sus conexiones cercanas con la comunidad empresarial y un compromiso con los servicios estudiantiles sobresalientes, c<\/span><span class=\"d8 d29 d30 m10 m37 m38\">olaboramos con l\u00edderes digitales como Digital Marketing Institute, Salesforce (Trailhead), Tableau e IBM para agregar componentes digitales relevantes a nuestros cursos. <\/span><span class=\"d8 d29 d30 m10 m37 m38\">Nuestros programas est\u00e1n dise\u00f1ados para satisfacer las necesidades del mercado, asegurando que nuestros estudiantes reciban la educaci\u00f3n m\u00e1s actualizada posible.<\/span><\/p>","protected":false},"excerpt":{"rendered":"<p>UCW es una universidad innovadora orientada a los negocios y la tecnolog\u00eda con \u00e9nfasis en la experiencia pr\u00e1ctica, es una instituci\u00f3n din\u00e1mica y en crecimiento definida por sus conexiones cercanas con la comunidad empresarial y un compromiso con los servicios estudiantiles sobresalientes, colaboramos con l\u00edderes digitales como Digital Marketing Institute, Salesforce (Trailhead), Tableau e IBM [&hellip;]<\/p>\n","protected":false},"featured_media":16305,"comment_status":"open","ping_status":"closed","template":"","meta":{"_acf_changed":false},"product_brand":[],"product_cat":[48,56,57],"product_tag":[],"class_list":{"0":"post-16304","1":"product","2":"type-product","3":"status-publish","4":"has-post-thumbnail","6":"product_cat-canada","7":"product_cat-licienciatura","8":"product_cat-mba","10":"first","11":"instock","12":"virtual","13":"product-type-simple"},"acf":[],"_links":{"self":[{"href":"https:\/\/classeducation.com\/en\/wp-json\/wp\/v2\/product\/16304","targetHints":{"allow":["GET"]}}],"collection":[{"href":"https:\/\/classeducation.com\/en\/wp-json\/wp\/v2\/product"}],"about":[{"href":"https:\/\/classeducation.com\/en\/wp-json\/wp\/v2\/types\/product"}],"replies":[{"embeddable":true,"href":"https:\/\/classeducation.com\/en\/wp-json\/wp\/v2\/comments?post=16304"}],"wp:featuredmedia":[{"embeddable":true,"href":"https:\/\/classeducation.com\/en\/wp-json\/wp\/v2\/media\/16305"}],"wp:attachment":[{"href":"https:\/\/classeducation.com\/en\/wp-json\/wp\/v2\/media?parent=16304"}],"wp:term":[{"taxonomy":"product_brand","embeddable":true,"href":"https:\/\/classeducation.com\/en\/wp-json\/wp\/v2\/product_brand?post=16304"},{"taxonomy":"product_cat","embeddable":true,"href":"https:\/\/classeducation.com\/en\/wp-json\/wp\/v2\/product_cat?post=16304"},{"taxonomy":"product_tag","embeddable":true,"href":"https:\/\/classeducation.com\/en\/wp-json\/wp\/v2\/product_tag?post=16304"}],"curies":[{"name":"wp","href":"https:\/\/api.w.org\/{rel}","templated":true}]}}