{"id":16238,"date":"2022-01-10T19:21:05","date_gmt":"2022-01-11T01:21:05","guid":{"rendered":"https:\/\/classeducation.com\/?post_type=product&#038;p=16238"},"modified":"2022-03-12T14:47:20","modified_gmt":"2022-03-12T20:47:20","slug":"icm","status":"publish","type":"product","link":"https:\/\/classeducation.com\/en\/product\/icm\/","title":{"rendered":"International College of Manitoba"},"content":{"rendered":"<p>UM se encuentra entre las principales instituciones de investigaci\u00f3n de Canad\u00e1, combinando el conocimiento en clase con aplicaciones pr\u00e1cticas y trabajo de campo con profesionales en docenas de campos, llamado U15.\u00a0Junto con colegas de universidades como UBC, McGill y la Universidad<br \/>\nde Toronto, U15 es una voz fuerte para promover incentivos a la investigaci\u00f3n dentro de los sectores universitarios.\u00a0Visite\u00a0<a title=\"u15.ca\" href=\"https:\/\/u15.ca\/\" target=\"_blank\" rel=\"noopener\">www.u15.ca<\/a>\u00a0para obtener m\u00e1s informaci\u00f3n.<\/p>\n<p>Los estudiantes de UM no solo reciben instrucci\u00f3n de clase mundial de profesores e investigadores galardonados.\u00a0Tambi\u00e9n tienen la oportunidad de trabajar junto a estas grandes mentes, adquiriendo experiencia en investigaci\u00f3n a nivel de pregrado.<\/p>","protected":false},"excerpt":{"rendered":"<p>UM se encuentra entre las principales instituciones de investigaci\u00f3n de Canad\u00e1, combinando el conocimiento en clase con aplicaciones pr\u00e1cticas y trabajo de campo con profesionales en docenas de campos, llamado U15.\u00a0Junto con colegas de universidades como UBC, McGill y la Universidad de Toronto, U15 es una voz fuerte para promover incentivos a la investigaci\u00f3n dentro [&hellip;]<\/p>\n","protected":false},"featured_media":16243,"comment_status":"open","ping_status":"closed","template":"","meta":{"_acf_changed":false},"product_brand":[],"product_cat":[48,51,49,52,56],"product_tag":[],"class_list":{"0":"post-16238","1":"product","2":"type-product","3":"status-publish","4":"has-post-thumbnail","6":"product_cat-canada","7":"product_cat-certificado","8":"product_cat-colleges-universidades","9":"product_cat-diploma","10":"product_cat-licienciatura","12":"first","13":"instock","14":"virtual","15":"product-type-simple"},"acf":[],"_links":{"self":[{"href":"https:\/\/classeducation.com\/en\/wp-json\/wp\/v2\/product\/16238","targetHints":{"allow":["GET"]}}],"collection":[{"href":"https:\/\/classeducation.com\/en\/wp-json\/wp\/v2\/product"}],"about":[{"href":"https:\/\/classeducation.com\/en\/wp-json\/wp\/v2\/types\/product"}],"replies":[{"embeddable":true,"href":"https:\/\/classeducation.com\/en\/wp-json\/wp\/v2\/comments?post=16238"}],"wp:featuredmedia":[{"embeddable":true,"href":"https:\/\/classeducation.com\/en\/wp-json\/wp\/v2\/media\/16243"}],"wp:attachment":[{"href":"https:\/\/classeducation.com\/en\/wp-json\/wp\/v2\/media?parent=16238"}],"wp:term":[{"taxonomy":"product_brand","embeddable":true,"href":"https:\/\/classeducation.com\/en\/wp-json\/wp\/v2\/product_brand?post=16238"},{"taxonomy":"product_cat","embeddable":true,"href":"https:\/\/classeducation.com\/en\/wp-json\/wp\/v2\/product_cat?post=16238"},{"taxonomy":"product_tag","embeddable":true,"href":"https:\/\/classeducation.com\/en\/wp-json\/wp\/v2\/product_tag?post=16238"}],"curies":[{"name":"wp","href":"https:\/\/api.w.org\/{rel}","templated":true}]}}