{"id":16233,"date":"2022-01-10T17:48:45","date_gmt":"2022-01-10T23:48:45","guid":{"rendered":"https:\/\/classeducation.com\/?post_type=product&#038;p=16233"},"modified":"2022-08-17T00:37:30","modified_gmt":"2022-08-17T05:37:30","slug":"hermes-colleges","status":"publish","type":"product","link":"https:\/\/classeducation.com\/en\/product\/hermes-colleges\/","title":{"rendered":"Hermes Colleges Networks"},"content":{"rendered":"<p>Hermes Colleges Network (HCN Inc.) se encuentra entre la red m\u00e1s grande y de m\u00e1s r\u00e1pido crecimiento de instituciones de educaci\u00f3n superior comprometidas con la excelencia acad\u00e9mica.\u00a0El enfoque de las instituciones de HCN es ofrecer a los estudiantes capacitaci\u00f3n orientada al trabajo que los posicione para una carrera exitosa.<\/p>\n<p>Fundada por un liderazgo visionario, HCN Inc. opera instituciones de nivel postsecundario y vocacional que ofrecen una variedad de programas en Negocios, Tecnolog\u00eda y Ciencias Sociales en franc\u00e9s e ingl\u00e9s.<\/p>","protected":false},"excerpt":{"rendered":"<p>Hermes Colleges Network (HCN Inc.) se encuentra entre la red m\u00e1s grande y de m\u00e1s r\u00e1pido crecimiento de instituciones de educaci\u00f3n superior comprometidas con la excelencia acad\u00e9mica.\u00a0El enfoque de las instituciones de HCN es ofrecer a los estudiantes capacitaci\u00f3n orientada al trabajo que los posicione para una carrera exitosa. Fundada por un liderazgo visionario, HCN [&hellip;]<\/p>\n","protected":false},"featured_media":16234,"comment_status":"open","ping_status":"closed","template":"","meta":{"_acf_changed":false},"product_brand":[],"product_cat":[48,51,49,52,56],"product_tag":[],"class_list":{"0":"post-16233","1":"product","2":"type-product","3":"status-publish","4":"has-post-thumbnail","6":"product_cat-canada","7":"product_cat-certificado","8":"product_cat-colleges-universidades","9":"product_cat-diploma","10":"product_cat-licienciatura","12":"first","13":"instock","14":"virtual","15":"product-type-simple"},"acf":[],"_links":{"self":[{"href":"https:\/\/classeducation.com\/en\/wp-json\/wp\/v2\/product\/16233","targetHints":{"allow":["GET"]}}],"collection":[{"href":"https:\/\/classeducation.com\/en\/wp-json\/wp\/v2\/product"}],"about":[{"href":"https:\/\/classeducation.com\/en\/wp-json\/wp\/v2\/types\/product"}],"replies":[{"embeddable":true,"href":"https:\/\/classeducation.com\/en\/wp-json\/wp\/v2\/comments?post=16233"}],"wp:featuredmedia":[{"embeddable":true,"href":"https:\/\/classeducation.com\/en\/wp-json\/wp\/v2\/media\/16234"}],"wp:attachment":[{"href":"https:\/\/classeducation.com\/en\/wp-json\/wp\/v2\/media?parent=16233"}],"wp:term":[{"taxonomy":"product_brand","embeddable":true,"href":"https:\/\/classeducation.com\/en\/wp-json\/wp\/v2\/product_brand?post=16233"},{"taxonomy":"product_cat","embeddable":true,"href":"https:\/\/classeducation.com\/en\/wp-json\/wp\/v2\/product_cat?post=16233"},{"taxonomy":"product_tag","embeddable":true,"href":"https:\/\/classeducation.com\/en\/wp-json\/wp\/v2\/product_tag?post=16233"}],"curies":[{"name":"wp","href":"https:\/\/api.w.org\/{rel}","templated":true}]}}