{"id":16170,"date":"2022-01-07T14:05:46","date_gmt":"2022-01-07T20:05:46","guid":{"rendered":"https:\/\/classeducation.com\/?post_type=product&#038;p=16170"},"modified":"2023-01-23T22:30:05","modified_gmt":"2023-01-24T04:30:05","slug":"merrick-preparatory-school","status":"publish","type":"product","link":"https:\/\/classeducation.com\/en\/product\/merrick-preparatory-school\/","title":{"rendered":"Merrick Preparatory School"},"content":{"rendered":"<p>Internado \u00fanico que ofrece una experiencia educativa personalizada para estudiantes que desean mejorar sus habilidades en el idioma ingl\u00e9s y prepararse acad\u00e9mica, cultural y ling\u00fc\u00edsticamente para la universidad o college.<\/p>","protected":false},"excerpt":{"rendered":"<p>Internado \u00fanico que ofrece una experiencia educativa personalizada para estudiantes que desean mejorar sus habilidades en el idioma ingl\u00e9s y prepararse acad\u00e9mica, cultural y ling\u00fc\u00edsticamente para la universidad o college.<\/p>","protected":false},"featured_media":16177,"comment_status":"open","ping_status":"closed","template":"","meta":{"_acf_changed":false},"product_brand":[],"product_cat":[48,54],"product_tag":[],"class_list":{"0":"post-16170","1":"product","2":"type-product","3":"status-publish","4":"has-post-thumbnail","6":"product_cat-canada","7":"product_cat-high-school","9":"first","10":"instock","11":"shipping-taxable","12":"product-type-simple"},"acf":[],"_links":{"self":[{"href":"https:\/\/classeducation.com\/en\/wp-json\/wp\/v2\/product\/16170","targetHints":{"allow":["GET"]}}],"collection":[{"href":"https:\/\/classeducation.com\/en\/wp-json\/wp\/v2\/product"}],"about":[{"href":"https:\/\/classeducation.com\/en\/wp-json\/wp\/v2\/types\/product"}],"replies":[{"embeddable":true,"href":"https:\/\/classeducation.com\/en\/wp-json\/wp\/v2\/comments?post=16170"}],"wp:featuredmedia":[{"embeddable":true,"href":"https:\/\/classeducation.com\/en\/wp-json\/wp\/v2\/media\/16177"}],"wp:attachment":[{"href":"https:\/\/classeducation.com\/en\/wp-json\/wp\/v2\/media?parent=16170"}],"wp:term":[{"taxonomy":"product_brand","embeddable":true,"href":"https:\/\/classeducation.com\/en\/wp-json\/wp\/v2\/product_brand?post=16170"},{"taxonomy":"product_cat","embeddable":true,"href":"https:\/\/classeducation.com\/en\/wp-json\/wp\/v2\/product_cat?post=16170"},{"taxonomy":"product_tag","embeddable":true,"href":"https:\/\/classeducation.com\/en\/wp-json\/wp\/v2\/product_tag?post=16170"}],"curies":[{"name":"wp","href":"https:\/\/api.w.org\/{rel}","templated":true}]}}