{"id":16145,"date":"2022-01-07T13:13:43","date_gmt":"2022-01-07T19:13:43","guid":{"rendered":"https:\/\/classeducation.com\/?post_type=product&#038;p=16145"},"modified":"2022-05-28T21:36:16","modified_gmt":"2022-05-29T02:36:16","slug":"amerigo","status":"publish","type":"product","link":"https:\/\/classeducation.com\/en\/product\/amerigo\/","title":{"rendered":"Amerigo"},"content":{"rendered":"<p style=\"text-align: justify;\">Internado \u00fanico que ofrece una experiencia educativa personalizada para estudiantes que desean mejorar sus habilidades en el idioma ingl\u00e9s y prepararse acad\u00e9mica, cultural y ling\u00fc\u00edsticamente para la universidad o college.<\/p>","protected":false},"excerpt":{"rendered":"<p>Internado \u00fanico que ofrece una experiencia educativa personalizada para estudiantes que desean mejorar sus habilidades en el idioma ingl\u00e9s y prepararse acad\u00e9mica, cultural y ling\u00fc\u00edsticamente para la universidad o college.<\/p>","protected":false},"featured_media":17348,"comment_status":"open","ping_status":"closed","template":"","meta":{"_acf_changed":false},"product_brand":[],"product_cat":[48,54],"product_tag":[],"class_list":{"0":"post-16145","1":"product","2":"type-product","3":"status-publish","4":"has-post-thumbnail","6":"product_cat-canada","7":"product_cat-high-school","9":"first","10":"instock","11":"virtual","12":"product-type-simple"},"acf":[],"_links":{"self":[{"href":"https:\/\/classeducation.com\/en\/wp-json\/wp\/v2\/product\/16145","targetHints":{"allow":["GET"]}}],"collection":[{"href":"https:\/\/classeducation.com\/en\/wp-json\/wp\/v2\/product"}],"about":[{"href":"https:\/\/classeducation.com\/en\/wp-json\/wp\/v2\/types\/product"}],"replies":[{"embeddable":true,"href":"https:\/\/classeducation.com\/en\/wp-json\/wp\/v2\/comments?post=16145"}],"wp:featuredmedia":[{"embeddable":true,"href":"https:\/\/classeducation.com\/en\/wp-json\/wp\/v2\/media\/17348"}],"wp:attachment":[{"href":"https:\/\/classeducation.com\/en\/wp-json\/wp\/v2\/media?parent=16145"}],"wp:term":[{"taxonomy":"product_brand","embeddable":true,"href":"https:\/\/classeducation.com\/en\/wp-json\/wp\/v2\/product_brand?post=16145"},{"taxonomy":"product_cat","embeddable":true,"href":"https:\/\/classeducation.com\/en\/wp-json\/wp\/v2\/product_cat?post=16145"},{"taxonomy":"product_tag","embeddable":true,"href":"https:\/\/classeducation.com\/en\/wp-json\/wp\/v2\/product_tag?post=16145"}],"curies":[{"name":"wp","href":"https:\/\/api.w.org\/{rel}","templated":true}]}}