{"id":16140,"date":"2022-01-03T15:41:53","date_gmt":"2022-01-03T21:41:53","guid":{"rendered":"https:\/\/classeducation.com\/?post_type=product&#038;p=16140"},"modified":"2022-03-12T15:34:36","modified_gmt":"2022-03-12T21:34:36","slug":"trent-university","status":"publish","type":"product","link":"https:\/\/classeducation.com\/en\/product\/trent-university\/","title":{"rendered":"Trent University"},"content":{"rendered":"<p>Consistentemente reconocida a nivel nacional por su\u00a0\u00a0<strong>liderazgo en la ense\u00f1anza, la investigaci\u00f3n y la satisfacci\u00f3n de los estudiantes<\/strong>\u00a0, Trent atrae a excelentes estudiantes de todo el pa\u00eds y\u00a0\u00a0del mundo\u00a0.<\/p>\n<p>Aqu\u00ed, los\u00a0\u00a0estudiantes de pregrado\u00a0\u00a0y\u00a0\u00a0posgrado se\u00a0\u00a0conectan y colaboran con el profesorado, el personal y sus compa\u00f1eros a trav\u00e9s de diversas comunidades que abarcan\u00a0\u00a0colegios residenciales\u00a0, aulas, disciplinas, investigaci\u00f3n pr\u00e1ctica, actividades cocurriculares y basadas en la comunidad.<\/p>\n<p>En todas las disciplinas, Trent da vida al pensamiento cr\u00edtico e integrador todos los d\u00edas.\u00a0El enfoque \u00fanico de Trent para el desarrollo personal a trav\u00e9s del compromiso comunitario colaborativo y de apoyo tiene m\u00e1s demanda que nunca.\u00a0Los estudiantes lideran el camino co-creando experiencias arraigadas en el di\u00e1logo, diversas perspectivas y colaboraci\u00f3n.<\/p>\n<p>En un entorno de aprendizaje que genera una pasi\u00f3n de por vida por la inclusi\u00f3n, el liderazgo y el cambio social, los estudiantes, exalumnos, profesores y personal de Trent son ciudadanos globales comprometidos que son catalizadores en el desarrollo de soluciones sostenibles para problemas complejos.<\/p>","protected":false},"excerpt":{"rendered":"<p>Consistentemente reconocida a nivel nacional por su\u00a0\u00a0liderazgo en la ense\u00f1anza, la investigaci\u00f3n y la satisfacci\u00f3n de los estudiantes\u00a0, Trent atrae a excelentes estudiantes de todo el pa\u00eds y\u00a0\u00a0del mundo\u00a0. Aqu\u00ed, los\u00a0\u00a0estudiantes de pregrado\u00a0\u00a0y\u00a0\u00a0posgrado se\u00a0\u00a0conectan y colaboran con el profesorado, el personal y sus compa\u00f1eros a trav\u00e9s de diversas comunidades que abarcan\u00a0\u00a0colegios residenciales\u00a0, aulas, disciplinas, investigaci\u00f3n [&hellip;]<\/p>\n","protected":false},"featured_media":16230,"comment_status":"open","ping_status":"closed","template":"","meta":{"_acf_changed":false},"product_brand":[],"product_cat":[48,51,49,52,56],"product_tag":[],"class_list":{"0":"post-16140","1":"product","2":"type-product","3":"status-publish","4":"has-post-thumbnail","6":"product_cat-canada","7":"product_cat-certificado","8":"product_cat-colleges-universidades","9":"product_cat-diploma","10":"product_cat-licienciatura","12":"first","13":"instock","14":"virtual","15":"product-type-simple"},"acf":[],"_links":{"self":[{"href":"https:\/\/classeducation.com\/en\/wp-json\/wp\/v2\/product\/16140","targetHints":{"allow":["GET"]}}],"collection":[{"href":"https:\/\/classeducation.com\/en\/wp-json\/wp\/v2\/product"}],"about":[{"href":"https:\/\/classeducation.com\/en\/wp-json\/wp\/v2\/types\/product"}],"replies":[{"embeddable":true,"href":"https:\/\/classeducation.com\/en\/wp-json\/wp\/v2\/comments?post=16140"}],"wp:featuredmedia":[{"embeddable":true,"href":"https:\/\/classeducation.com\/en\/wp-json\/wp\/v2\/media\/16230"}],"wp:attachment":[{"href":"https:\/\/classeducation.com\/en\/wp-json\/wp\/v2\/media?parent=16140"}],"wp:term":[{"taxonomy":"product_brand","embeddable":true,"href":"https:\/\/classeducation.com\/en\/wp-json\/wp\/v2\/product_brand?post=16140"},{"taxonomy":"product_cat","embeddable":true,"href":"https:\/\/classeducation.com\/en\/wp-json\/wp\/v2\/product_cat?post=16140"},{"taxonomy":"product_tag","embeddable":true,"href":"https:\/\/classeducation.com\/en\/wp-json\/wp\/v2\/product_tag?post=16140"}],"curies":[{"name":"wp","href":"https:\/\/api.w.org\/{rel}","templated":true}]}}