{"id":16139,"date":"2022-01-03T15:31:07","date_gmt":"2022-01-03T21:31:07","guid":{"rendered":"https:\/\/classeducation.com\/?post_type=product&#038;p=16139"},"modified":"2022-03-12T14:58:52","modified_gmt":"2022-03-12T20:58:52","slug":"kpu","status":"publish","type":"product","link":"https:\/\/classeducation.com\/en\/product\/kpu\/","title":{"rendered":"KPU"},"content":{"rendered":"<p>Establecida por el gobierno de la Columbia Brit\u00e1nica en 1981, Kwantlen, ahora Universidad Polit\u00e9cnica de Kwantlen, tiene cinco campus ubicados en la regi\u00f3n metropolitana de Vancouver de la Columbia Brit\u00e1nica.\u00a0KPU ofrece t\u00edtulos de licenciatura, t\u00edtulos asociados, diplomas, certificados y menciones en m\u00e1s de 140 programas.\u00a0Casi 20,000 estudiantes asisten anualmente a cursos en los campus de KPU en Surrey, Richmond, Langley, Cloverdale y Civic Plaza.<\/p>\n<p>La Universidad Polit\u00e9cnica de Kwantlen ofrece actualmente una gama de credenciales, muchas de las cuales son completamente \u00fanicas, para satisfacer con \u00e9xito las necesidades cambiantes de los mercados laborales regionales y globales.\u00a0Los estudiantes tienen la oportunidad de vincular las credenciales de certificados y diplomas con t\u00edtulos de licenciatura, creando la opci\u00f3n de mejora acad\u00e9mica y profesional de los programas aplicados y t\u00e9cnicos.<\/p>","protected":false},"excerpt":{"rendered":"<p>Establecida por el gobierno de la Columbia Brit\u00e1nica en 1981, Kwantlen, ahora Universidad Polit\u00e9cnica de Kwantlen, tiene cinco campus ubicados en la regi\u00f3n metropolitana de Vancouver de la Columbia Brit\u00e1nica.\u00a0KPU ofrece t\u00edtulos de licenciatura, t\u00edtulos asociados, diplomas, certificados y menciones en m\u00e1s de 140 programas.\u00a0Casi 20,000 estudiantes asisten anualmente a cursos en los campus de [&hellip;]<\/p>\n","protected":false},"featured_media":16228,"comment_status":"open","ping_status":"closed","template":"","meta":{"_acf_changed":false},"product_brand":[],"product_cat":[48,51,49,52,56],"product_tag":[],"class_list":{"0":"post-16139","1":"product","2":"type-product","3":"status-publish","4":"has-post-thumbnail","6":"product_cat-canada","7":"product_cat-certificado","8":"product_cat-colleges-universidades","9":"product_cat-diploma","10":"product_cat-licienciatura","12":"first","13":"instock","14":"virtual","15":"product-type-simple"},"acf":[],"_links":{"self":[{"href":"https:\/\/classeducation.com\/en\/wp-json\/wp\/v2\/product\/16139","targetHints":{"allow":["GET"]}}],"collection":[{"href":"https:\/\/classeducation.com\/en\/wp-json\/wp\/v2\/product"}],"about":[{"href":"https:\/\/classeducation.com\/en\/wp-json\/wp\/v2\/types\/product"}],"replies":[{"embeddable":true,"href":"https:\/\/classeducation.com\/en\/wp-json\/wp\/v2\/comments?post=16139"}],"wp:featuredmedia":[{"embeddable":true,"href":"https:\/\/classeducation.com\/en\/wp-json\/wp\/v2\/media\/16228"}],"wp:attachment":[{"href":"https:\/\/classeducation.com\/en\/wp-json\/wp\/v2\/media?parent=16139"}],"wp:term":[{"taxonomy":"product_brand","embeddable":true,"href":"https:\/\/classeducation.com\/en\/wp-json\/wp\/v2\/product_brand?post=16139"},{"taxonomy":"product_cat","embeddable":true,"href":"https:\/\/classeducation.com\/en\/wp-json\/wp\/v2\/product_cat?post=16139"},{"taxonomy":"product_tag","embeddable":true,"href":"https:\/\/classeducation.com\/en\/wp-json\/wp\/v2\/product_tag?post=16139"}],"curies":[{"name":"wp","href":"https:\/\/api.w.org\/{rel}","templated":true}]}}