{"id":16137,"date":"2022-01-03T15:04:52","date_gmt":"2022-01-03T21:04:52","guid":{"rendered":"https:\/\/classeducation.com\/?post_type=product&#038;p=16137"},"modified":"2022-06-06T17:41:06","modified_gmt":"2022-06-06T22:41:06","slug":"fraser-college","status":"publish","type":"product","link":"https:\/\/classeducation.com\/en\/product\/fraser-college\/","title":{"rendered":"Fraser International College"},"content":{"rendered":"<p>Fraser International College (FIC) est\u00e1 ubicado en el campus de Burnaby de la Universidad Simon Fraser (SFU), en Columbia Brit\u00e1nica, Canad\u00e1.\u00a0FIC permite a los estudiantes de todo el mundo alcanzar su potencial y sus metas ofreciendo una educaci\u00f3n de alta calidad.\u00a0Nuestra carta de oferta combinada de FIC y SFU complementa los programas y cursos impartidos en SFU.\u00a0Nuestros programas est\u00e1n dise\u00f1ados para apoyar a los estudiantes con un camino directo hacia el segundo a\u00f1o de SFU.\u00a0Los instructores calificados de FIC garantizan que los estudiantes tengan la mejor preparaci\u00f3n para las demandas de la educaci\u00f3n superior en Canad\u00e1.\u00a0Cada \u00e1rea del programa ofrece clases peque\u00f1as, cursos diversos y oportunidades de voluntariado.\u00a0Todo lo cual combinado, maximiza las oportunidades de aprendizaje, el crecimiento de la creatividad y la pasi\u00f3n del estudiante.<\/p>","protected":false},"excerpt":{"rendered":"<p>Fraser International College (FIC) est\u00e1 ubicado en el campus de Burnaby de la Universidad Simon Fraser (SFU), en Columbia Brit\u00e1nica, Canad\u00e1.\u00a0FIC permite a los estudiantes de todo el mundo alcanzar su potencial y sus metas ofreciendo una educaci\u00f3n de alta calidad.\u00a0Nuestra carta de oferta combinada de FIC y SFU complementa los programas y cursos impartidos [&hellip;]<\/p>\n","protected":false},"featured_media":17106,"comment_status":"open","ping_status":"closed","template":"","meta":{"_acf_changed":false},"product_brand":[],"product_cat":[48,51,49,52,56],"product_tag":[],"class_list":{"0":"post-16137","1":"product","2":"type-product","3":"status-publish","4":"has-post-thumbnail","6":"product_cat-canada","7":"product_cat-certificado","8":"product_cat-colleges-universidades","9":"product_cat-diploma","10":"product_cat-licienciatura","12":"first","13":"instock","14":"virtual","15":"product-type-simple"},"acf":[],"_links":{"self":[{"href":"https:\/\/classeducation.com\/en\/wp-json\/wp\/v2\/product\/16137","targetHints":{"allow":["GET"]}}],"collection":[{"href":"https:\/\/classeducation.com\/en\/wp-json\/wp\/v2\/product"}],"about":[{"href":"https:\/\/classeducation.com\/en\/wp-json\/wp\/v2\/types\/product"}],"replies":[{"embeddable":true,"href":"https:\/\/classeducation.com\/en\/wp-json\/wp\/v2\/comments?post=16137"}],"wp:featuredmedia":[{"embeddable":true,"href":"https:\/\/classeducation.com\/en\/wp-json\/wp\/v2\/media\/17106"}],"wp:attachment":[{"href":"https:\/\/classeducation.com\/en\/wp-json\/wp\/v2\/media?parent=16137"}],"wp:term":[{"taxonomy":"product_brand","embeddable":true,"href":"https:\/\/classeducation.com\/en\/wp-json\/wp\/v2\/product_brand?post=16137"},{"taxonomy":"product_cat","embeddable":true,"href":"https:\/\/classeducation.com\/en\/wp-json\/wp\/v2\/product_cat?post=16137"},{"taxonomy":"product_tag","embeddable":true,"href":"https:\/\/classeducation.com\/en\/wp-json\/wp\/v2\/product_tag?post=16137"}],"curies":[{"name":"wp","href":"https:\/\/api.w.org\/{rel}","templated":true}]}}