{"id":16136,"date":"2022-01-03T14:57:42","date_gmt":"2022-01-03T20:57:42","guid":{"rendered":"https:\/\/classeducation.com\/?post_type=product&#038;p=16136"},"modified":"2022-05-20T00:29:24","modified_gmt":"2022-05-20T05:29:24","slug":"pures-college","status":"publish","type":"product","link":"https:\/\/classeducation.com\/en\/product\/pures-college\/","title":{"rendered":"Pures College of Technology"},"content":{"rendered":"<p>Pures College of Technology ofrece programas postsecundarios de alta calidad que conducen a carreras profesionales gratificantes y contribuyen al mejoramiento de la sociedad.\u00a0Pures College, establecido en 2007, es una universidad profesional privada registrada bajo\u00a0<i>la Ley de Colegios Profesionales Privados de 2005<\/i>\u00a0en Ontario.\u00a0Pures College tambi\u00e9n es miembro de la Asociaci\u00f3n Nacional de Colegios Profesionales (NACC) y los Colegios Profesionales de Ontario (CCO), respectivamente.<\/p>\n<p>Nos enfocamos en programas de diploma y certificaci\u00f3n que est\u00e1n dise\u00f1ados para satisfacer necesidades reales en el mercado laboral actual.\u00a0Nuestros programas est\u00e1n dise\u00f1ados para proporcionar a los estudiantes las habilidades, el conocimiento y la experiencia pr\u00e1ctica necesarios para sobresalir en el lugar de trabajo actual.\u00a0Ofrecemos a nuestros estudiantes m\u00e1s que solo una educaci\u00f3n: ofrecemos la oportunidad de adquirir las habilidades y el conocimiento para una carrera exitosa en el competitivo mercado actual.\u00a0Nuestro cuerpo docente tiene una amplia experiencia profesional, aprecia la diversidad y facilita el aprendizaje de los estudiantes en un ambiente positivo e interactivo.\u00a0Nuestro plan de estudios promueve el aprendizaje pr\u00e1ctico e incluye metodolog\u00edas y procesos que actualmente utilizan los principales empleadores de la actualidad.<\/p>","protected":false},"excerpt":{"rendered":"<p>Pures College of Technology ofrece programas postsecundarios de alta calidad que conducen a carreras profesionales gratificantes y contribuyen al mejoramiento de la sociedad.\u00a0Pures College, establecido en 2007, es una universidad profesional privada registrada bajo\u00a0la Ley de Colegios Profesionales Privados de 2005\u00a0en Ontario.\u00a0Pures College tambi\u00e9n es miembro de la Asociaci\u00f3n Nacional de Colegios Profesionales (NACC) y [&hellip;]<\/p>\n","protected":false},"featured_media":16217,"comment_status":"open","ping_status":"closed","template":"","meta":{"_acf_changed":false},"product_brand":[],"product_cat":[48,51,49,52,56],"product_tag":[],"class_list":{"0":"post-16136","1":"product","2":"type-product","3":"status-publish","4":"has-post-thumbnail","6":"product_cat-canada","7":"product_cat-certificado","8":"product_cat-colleges-universidades","9":"product_cat-diploma","10":"product_cat-licienciatura","12":"first","13":"instock","14":"virtual","15":"product-type-simple"},"acf":[],"_links":{"self":[{"href":"https:\/\/classeducation.com\/en\/wp-json\/wp\/v2\/product\/16136","targetHints":{"allow":["GET"]}}],"collection":[{"href":"https:\/\/classeducation.com\/en\/wp-json\/wp\/v2\/product"}],"about":[{"href":"https:\/\/classeducation.com\/en\/wp-json\/wp\/v2\/types\/product"}],"replies":[{"embeddable":true,"href":"https:\/\/classeducation.com\/en\/wp-json\/wp\/v2\/comments?post=16136"}],"wp:featuredmedia":[{"embeddable":true,"href":"https:\/\/classeducation.com\/en\/wp-json\/wp\/v2\/media\/16217"}],"wp:attachment":[{"href":"https:\/\/classeducation.com\/en\/wp-json\/wp\/v2\/media?parent=16136"}],"wp:term":[{"taxonomy":"product_brand","embeddable":true,"href":"https:\/\/classeducation.com\/en\/wp-json\/wp\/v2\/product_brand?post=16136"},{"taxonomy":"product_cat","embeddable":true,"href":"https:\/\/classeducation.com\/en\/wp-json\/wp\/v2\/product_cat?post=16136"},{"taxonomy":"product_tag","embeddable":true,"href":"https:\/\/classeducation.com\/en\/wp-json\/wp\/v2\/product_tag?post=16136"}],"curies":[{"name":"wp","href":"https:\/\/api.w.org\/{rel}","templated":true}]}}