{"id":16135,"date":"2022-01-03T14:49:59","date_gmt":"2022-01-03T20:49:59","guid":{"rendered":"https:\/\/classeducation.com\/?post_type=product&#038;p=16135"},"modified":"2022-03-12T15:07:04","modified_gmt":"2022-03-12T21:07:04","slug":"mcit","status":"publish","type":"product","link":"https:\/\/classeducation.com\/en\/product\/mcit\/","title":{"rendered":"MCIT"},"content":{"rendered":"<p>El Montreal College of Information Technology es un instituto de educaci\u00f3n superior centrado en ofrecer programas de TI intensivos y listos para el trabajo.<\/p>\n<div id=\"programs-discription\">Animado por las capacidades tecnol\u00f3gicas de vanguardia de la facultad, nuestro cuerpo docente de instructores implementa planes de estudios relevantes para la industria a trav\u00e9s de una experiencia de aprendizaje atractiva que busca garantizar la preparaci\u00f3n y resiliencia de la fuerza laboral.Desde la fundaci\u00f3n de MCIT en 2006, m\u00e1s de 5,000 de nuestros graduados han encontrado un empleo remunerado.<\/div>","protected":false},"excerpt":{"rendered":"<p>El Montreal College of Information Technology es un instituto de educaci\u00f3n superior centrado en ofrecer programas de TI intensivos y listos para el trabajo. Animado por las capacidades tecnol\u00f3gicas de vanguardia de la facultad, nuestro cuerpo docente de instructores implementa planes de estudios relevantes para la industria a trav\u00e9s de una experiencia de aprendizaje atractiva [&hellip;]<\/p>\n","protected":false},"featured_media":17107,"comment_status":"open","ping_status":"closed","template":"","meta":{"_acf_changed":false},"product_brand":[],"product_cat":[48,51,49,52,56],"product_tag":[],"class_list":{"0":"post-16135","1":"product","2":"type-product","3":"status-publish","4":"has-post-thumbnail","6":"product_cat-canada","7":"product_cat-certificado","8":"product_cat-colleges-universidades","9":"product_cat-diploma","10":"product_cat-licienciatura","12":"first","13":"instock","14":"virtual","15":"product-type-simple"},"acf":[],"_links":{"self":[{"href":"https:\/\/classeducation.com\/en\/wp-json\/wp\/v2\/product\/16135","targetHints":{"allow":["GET"]}}],"collection":[{"href":"https:\/\/classeducation.com\/en\/wp-json\/wp\/v2\/product"}],"about":[{"href":"https:\/\/classeducation.com\/en\/wp-json\/wp\/v2\/types\/product"}],"replies":[{"embeddable":true,"href":"https:\/\/classeducation.com\/en\/wp-json\/wp\/v2\/comments?post=16135"}],"wp:featuredmedia":[{"embeddable":true,"href":"https:\/\/classeducation.com\/en\/wp-json\/wp\/v2\/media\/17107"}],"wp:attachment":[{"href":"https:\/\/classeducation.com\/en\/wp-json\/wp\/v2\/media?parent=16135"}],"wp:term":[{"taxonomy":"product_brand","embeddable":true,"href":"https:\/\/classeducation.com\/en\/wp-json\/wp\/v2\/product_brand?post=16135"},{"taxonomy":"product_cat","embeddable":true,"href":"https:\/\/classeducation.com\/en\/wp-json\/wp\/v2\/product_cat?post=16135"},{"taxonomy":"product_tag","embeddable":true,"href":"https:\/\/classeducation.com\/en\/wp-json\/wp\/v2\/product_tag?post=16135"}],"curies":[{"name":"wp","href":"https:\/\/api.w.org\/{rel}","templated":true}]}}