{"id":16134,"date":"2022-01-03T14:42:48","date_gmt":"2022-01-03T20:42:48","guid":{"rendered":"https:\/\/classeducation.com\/?post_type=product&#038;p=16134"},"modified":"2022-03-12T15:09:33","modified_gmt":"2022-03-12T21:09:33","slug":"carleton-university","status":"publish","type":"product","link":"https:\/\/classeducation.com\/en\/product\/carleton-university\/","title":{"rendered":"Carleton University"},"content":{"rendered":"<p>Situada en el territorio incansable de Algonquin junto al hist\u00f3rico Canal Rideau, un sitio oficial del Patrimonio Mundial de la UNESCO, la Universidad de Carleton fue fundada por la comunidad en 1942 para satisfacer las necesidades de los veteranos que regresaban de la Segunda Guerra Mundial.<\/p>\n<p>Desde esos d\u00edas, ha crecido hasta convertirse en una universidad l\u00edder reconocida por su liderazgo en la ense\u00f1anza, la investigaci\u00f3n, la participaci\u00f3n comunitaria y el estudio interdisciplinario.<\/p>\n<p>Es una comunidad que se preocupa y enfrenta algunos de los problemas m\u00e1s desafiantes que enfrenta el mundo.<\/p>\n<p>Su exitosa campa\u00f1a de capital, &#8220;Here for Good&#8221;, subraya nuestro compromiso de marcar la diferencia en el mundo e inspirar y educar a los miembros de nuestra comunidad para que sean embajadores de un cambio positivo.<\/p>","protected":false},"excerpt":{"rendered":"<p>Situada en el territorio incansable de Algonquin junto al hist\u00f3rico Canal Rideau, un sitio oficial del Patrimonio Mundial de la UNESCO, la Universidad de Carleton fue fundada por la comunidad en 1942 para satisfacer las necesidades de los veteranos que regresaban de la Segunda Guerra Mundial. Desde esos d\u00edas, ha crecido hasta convertirse en una [&hellip;]<\/p>\n","protected":false},"featured_media":17108,"comment_status":"open","ping_status":"closed","template":"","meta":{"_acf_changed":false},"product_brand":[],"product_cat":[48,51,49,52,56],"product_tag":[],"class_list":{"0":"post-16134","1":"product","2":"type-product","3":"status-publish","4":"has-post-thumbnail","6":"product_cat-canada","7":"product_cat-certificado","8":"product_cat-colleges-universidades","9":"product_cat-diploma","10":"product_cat-licienciatura","12":"first","13":"instock","14":"virtual","15":"product-type-simple"},"acf":[],"_links":{"self":[{"href":"https:\/\/classeducation.com\/en\/wp-json\/wp\/v2\/product\/16134","targetHints":{"allow":["GET"]}}],"collection":[{"href":"https:\/\/classeducation.com\/en\/wp-json\/wp\/v2\/product"}],"about":[{"href":"https:\/\/classeducation.com\/en\/wp-json\/wp\/v2\/types\/product"}],"replies":[{"embeddable":true,"href":"https:\/\/classeducation.com\/en\/wp-json\/wp\/v2\/comments?post=16134"}],"wp:featuredmedia":[{"embeddable":true,"href":"https:\/\/classeducation.com\/en\/wp-json\/wp\/v2\/media\/17108"}],"wp:attachment":[{"href":"https:\/\/classeducation.com\/en\/wp-json\/wp\/v2\/media?parent=16134"}],"wp:term":[{"taxonomy":"product_brand","embeddable":true,"href":"https:\/\/classeducation.com\/en\/wp-json\/wp\/v2\/product_brand?post=16134"},{"taxonomy":"product_cat","embeddable":true,"href":"https:\/\/classeducation.com\/en\/wp-json\/wp\/v2\/product_cat?post=16134"},{"taxonomy":"product_tag","embeddable":true,"href":"https:\/\/classeducation.com\/en\/wp-json\/wp\/v2\/product_tag?post=16134"}],"curies":[{"name":"wp","href":"https:\/\/api.w.org\/{rel}","templated":true}]}}