{"id":16133,"date":"2022-01-03T14:31:13","date_gmt":"2022-01-03T20:31:13","guid":{"rendered":"https:\/\/classeducation.com\/?post_type=product&#038;p=16133"},"modified":"2022-03-12T15:18:03","modified_gmt":"2022-03-12T21:18:03","slug":"new-york-institute-of-technology","status":"publish","type":"product","link":"https:\/\/classeducation.com\/en\/product\/new-york-institute-of-technology\/","title":{"rendered":"New York Institute Of Technology"},"content":{"rendered":"<p>Ubicado en el coraz\u00f3n del centro de la ciudad, cerca de las oficinas centrales corporativas de finanzas, banca, miner\u00eda, sector de servicios, recursos naturales y empresas de TI, el campus NYIT-Vancouver cuenta con laboratorios de computaci\u00f3n, salones para estudiantes y un centro de aprendizaje a distancia.\u00a0Las clases peque\u00f1as brindan grandes oportunidades para pasant\u00edas, pr\u00e1cticas y programas de tutor\u00eda en las principales instituciones comerciales y financieras de la zona.<\/p>\n<p>Nuestra\u00a0<a href=\"https:\/\/www.nyit.edu\/vancouver\/student_life\">comunidad en el campus<\/a>\u00a0incluye clubes de intereses especiales, una junta asesora de estudiantes y una sociedad de honor, y organiza una variedad de actividades sociales y recreativas durante todo el a\u00f1o.\u00a0Justo afuera y alrededor se encuentra una ciudad costera espectacular, rica en diversidad, viva con las artes y la cultura, y deslumbrante en su belleza natural.<\/p>","protected":false},"excerpt":{"rendered":"<p>Ubicado en el coraz\u00f3n del centro de la ciudad, cerca de las oficinas centrales corporativas de finanzas, banca, miner\u00eda, sector de servicios, recursos naturales y empresas de TI, el campus NYIT-Vancouver cuenta con laboratorios de computaci\u00f3n, salones para estudiantes y un centro de aprendizaje a distancia.\u00a0Las clases peque\u00f1as brindan grandes oportunidades para pasant\u00edas, pr\u00e1cticas y [&hellip;]<\/p>\n","protected":false},"featured_media":17109,"comment_status":"open","ping_status":"closed","template":"","meta":{"_acf_changed":false},"product_brand":[],"product_cat":[48,51,49,52,56],"product_tag":[],"class_list":{"0":"post-16133","1":"product","2":"type-product","3":"status-publish","4":"has-post-thumbnail","6":"product_cat-canada","7":"product_cat-certificado","8":"product_cat-colleges-universidades","9":"product_cat-diploma","10":"product_cat-licienciatura","12":"first","13":"instock","14":"virtual","15":"product-type-simple"},"acf":[],"_links":{"self":[{"href":"https:\/\/classeducation.com\/en\/wp-json\/wp\/v2\/product\/16133","targetHints":{"allow":["GET"]}}],"collection":[{"href":"https:\/\/classeducation.com\/en\/wp-json\/wp\/v2\/product"}],"about":[{"href":"https:\/\/classeducation.com\/en\/wp-json\/wp\/v2\/types\/product"}],"replies":[{"embeddable":true,"href":"https:\/\/classeducation.com\/en\/wp-json\/wp\/v2\/comments?post=16133"}],"wp:featuredmedia":[{"embeddable":true,"href":"https:\/\/classeducation.com\/en\/wp-json\/wp\/v2\/media\/17109"}],"wp:attachment":[{"href":"https:\/\/classeducation.com\/en\/wp-json\/wp\/v2\/media?parent=16133"}],"wp:term":[{"taxonomy":"product_brand","embeddable":true,"href":"https:\/\/classeducation.com\/en\/wp-json\/wp\/v2\/product_brand?post=16133"},{"taxonomy":"product_cat","embeddable":true,"href":"https:\/\/classeducation.com\/en\/wp-json\/wp\/v2\/product_cat?post=16133"},{"taxonomy":"product_tag","embeddable":true,"href":"https:\/\/classeducation.com\/en\/wp-json\/wp\/v2\/product_tag?post=16133"}],"curies":[{"name":"wp","href":"https:\/\/api.w.org\/{rel}","templated":true}]}}