{"id":16132,"date":"2022-01-03T14:16:48","date_gmt":"2022-01-03T20:16:48","guid":{"rendered":"https:\/\/classeducation.com\/?post_type=product&#038;p=16132"},"modified":"2022-03-12T15:46:43","modified_gmt":"2022-03-12T21:46:43","slug":"ilac","status":"publish","type":"product","link":"https:\/\/classeducation.com\/en\/product\/ilac\/","title":{"rendered":"ILAC"},"content":{"rendered":"<div class=\"fusion-text fusion-text-2\">\n<p>Fundada por los pioneros de la educaci\u00f3n en ingl\u00e9s,\u00a0<a href=\"https:\/\/www.jonathankolber.ca\/\" target=\"_blank\" rel=\"noopener noreferrer\">Jonathan Kolber<\/a>\u00a0e Ilan Cohen, ILAC International College es una universidad profesional privada l\u00edder que ofrece programas centrados en la carrera en negocios, ventas, marketing y servicio al cliente.\u00a0Nuestros campus boutique est\u00e1n ubicados en el coraz\u00f3n de Toronto y Vancouver.\u00a0Los estudiantes tienen la oportunidad de adquirir experiencia laboral canadiense mientras est\u00e1n inscritos en uno de nuestros programas cooperativos.\u00a0Practicar\u00e1n el conocimiento aprendido en clase, desarrollar\u00e1n contactos profesionales dentro de la industria y mejorar\u00e1n su curr\u00edculum mientras estudian.\u00a0Nuestros especialistas cooperativos apoyan la b\u00fasqueda de trabajo de cada estudiante, los conectan con empleadores y se mantienen involucrados durante su colocaci\u00f3n laboral cooperativa.\u00a0Ofrecemos una experiencia que les cambiar\u00e1 la vida y les brindar\u00e1 a los estudiantes las habilidades que necesitan para triunfar y liderar en cualquier profesi\u00f3n.<\/p>\n<\/div>","protected":false},"excerpt":{"rendered":"<p>Fundada por los pioneros de la educaci\u00f3n en ingl\u00e9s,\u00a0Jonathan Kolber\u00a0e Ilan Cohen, ILAC International College es una universidad profesional privada l\u00edder que ofrece programas centrados en la carrera en negocios, ventas, marketing y servicio al cliente.\u00a0Nuestros campus boutique est\u00e1n ubicados en el coraz\u00f3n de Toronto y Vancouver.\u00a0Los estudiantes tienen la oportunidad de adquirir experiencia laboral [&hellip;]<\/p>\n","protected":false},"featured_media":16198,"comment_status":"open","ping_status":"closed","template":"","meta":{"_acf_changed":false},"product_brand":[],"product_cat":[48,51,49,52,56],"product_tag":[],"class_list":{"0":"post-16132","1":"product","2":"type-product","3":"status-publish","4":"has-post-thumbnail","6":"product_cat-canada","7":"product_cat-certificado","8":"product_cat-colleges-universidades","9":"product_cat-diploma","10":"product_cat-licienciatura","12":"first","13":"instock","14":"virtual","15":"product-type-simple"},"acf":[],"_links":{"self":[{"href":"https:\/\/classeducation.com\/en\/wp-json\/wp\/v2\/product\/16132","targetHints":{"allow":["GET"]}}],"collection":[{"href":"https:\/\/classeducation.com\/en\/wp-json\/wp\/v2\/product"}],"about":[{"href":"https:\/\/classeducation.com\/en\/wp-json\/wp\/v2\/types\/product"}],"replies":[{"embeddable":true,"href":"https:\/\/classeducation.com\/en\/wp-json\/wp\/v2\/comments?post=16132"}],"wp:featuredmedia":[{"embeddable":true,"href":"https:\/\/classeducation.com\/en\/wp-json\/wp\/v2\/media\/16198"}],"wp:attachment":[{"href":"https:\/\/classeducation.com\/en\/wp-json\/wp\/v2\/media?parent=16132"}],"wp:term":[{"taxonomy":"product_brand","embeddable":true,"href":"https:\/\/classeducation.com\/en\/wp-json\/wp\/v2\/product_brand?post=16132"},{"taxonomy":"product_cat","embeddable":true,"href":"https:\/\/classeducation.com\/en\/wp-json\/wp\/v2\/product_cat?post=16132"},{"taxonomy":"product_tag","embeddable":true,"href":"https:\/\/classeducation.com\/en\/wp-json\/wp\/v2\/product_tag?post=16132"}],"curies":[{"name":"wp","href":"https:\/\/api.w.org\/{rel}","templated":true}]}}