{"id":16131,"date":"2022-01-03T12:07:41","date_gmt":"2022-01-03T18:07:41","guid":{"rendered":"https:\/\/classeducation.com\/?post_type=product&#038;p=16131"},"modified":"2022-03-12T15:49:52","modified_gmt":"2022-03-12T21:49:52","slug":"nic","status":"publish","type":"product","link":"https:\/\/classeducation.com\/en\/product\/nic\/","title":{"rendered":"North Island College"},"content":{"rendered":"<p>North Island College (NIC) tiene el honor de reconocer los territorios tradicionales de las 35 Primeras Naciones combinadas de las tradiciones Nuu-chah-nulth, Kwakwaka&#8217;wakw y Coast Salish, en cuyos territorios tradicionales y no cedidos se encuentran los campus de la universidad.<\/p>\n<p>North Island College es una universidad comunitaria integral que se enfoca en el \u00e9xito de los estudiantes.\u00a0Con orgullo servimos a m\u00e1s de 9,000 estudiantes anualmente en nuestros cuatro campus, nuestro centro de aprendizaje y a trav\u00e9s del aprendizaje en l\u00ednea y en la comunidad.<\/p>\n<p>NIC se estableci\u00f3 en 1975 como una instituci\u00f3n de educaci\u00f3n principalmente a distancia.\u00a0Ahora atiende a estudiantes en los\u00a0campus de\u00a0Campbell River, Comox Valley, Port Alberni y Mi\u00a0<u>x<\/u>\u00a0alakwila, as\u00ed como a trav\u00e9s de muchos programas comunitarios entregados en asociaci\u00f3n con comunidades remotas a lo largo de 80,000 km\u00a0<sup>2<\/sup>\u00a0desde Ucluelet en la costa oeste de la isla de Vancouver hasta Bella Coola en el continente central.<\/p>\n<p>Nos distingue nuestro compromiso con el \u00e9xito de los estudiantes a trav\u00e9s de s\u00f3lidos acuerdos de asociaci\u00f3n con universidades y facultades en BC, EE. UU. Y en todo el mundo.\u00a0NIC ha sido reconocido internacionalmente por su aprendizaje a distancia habilitado por tecnolog\u00eda y sus programas comunitarios receptivos.<\/p>","protected":false},"excerpt":{"rendered":"<p>North Island College (NIC) tiene el honor de reconocer los territorios tradicionales de las 35 Primeras Naciones combinadas de las tradiciones Nuu-chah-nulth, Kwakwaka&#8217;wakw y Coast Salish, en cuyos territorios tradicionales y no cedidos se encuentran los campus de la universidad. North Island College es una universidad comunitaria integral que se enfoca en el \u00e9xito de [&hellip;]<\/p>\n","protected":false},"featured_media":16193,"comment_status":"open","ping_status":"closed","template":"","meta":{"_acf_changed":false},"product_brand":[],"product_cat":[48,51,49,52,56],"product_tag":[],"class_list":{"0":"post-16131","1":"product","2":"type-product","3":"status-publish","4":"has-post-thumbnail","6":"product_cat-canada","7":"product_cat-certificado","8":"product_cat-colleges-universidades","9":"product_cat-diploma","10":"product_cat-licienciatura","12":"first","13":"instock","14":"virtual","15":"product-type-simple"},"acf":[],"_links":{"self":[{"href":"https:\/\/classeducation.com\/en\/wp-json\/wp\/v2\/product\/16131","targetHints":{"allow":["GET"]}}],"collection":[{"href":"https:\/\/classeducation.com\/en\/wp-json\/wp\/v2\/product"}],"about":[{"href":"https:\/\/classeducation.com\/en\/wp-json\/wp\/v2\/types\/product"}],"replies":[{"embeddable":true,"href":"https:\/\/classeducation.com\/en\/wp-json\/wp\/v2\/comments?post=16131"}],"wp:featuredmedia":[{"embeddable":true,"href":"https:\/\/classeducation.com\/en\/wp-json\/wp\/v2\/media\/16193"}],"wp:attachment":[{"href":"https:\/\/classeducation.com\/en\/wp-json\/wp\/v2\/media?parent=16131"}],"wp:term":[{"taxonomy":"product_brand","embeddable":true,"href":"https:\/\/classeducation.com\/en\/wp-json\/wp\/v2\/product_brand?post=16131"},{"taxonomy":"product_cat","embeddable":true,"href":"https:\/\/classeducation.com\/en\/wp-json\/wp\/v2\/product_cat?post=16131"},{"taxonomy":"product_tag","embeddable":true,"href":"https:\/\/classeducation.com\/en\/wp-json\/wp\/v2\/product_tag?post=16131"}],"curies":[{"name":"wp","href":"https:\/\/api.w.org\/{rel}","templated":true}]}}