{"id":16120,"date":"2021-12-22T18:00:41","date_gmt":"2021-12-23T00:00:41","guid":{"rendered":"https:\/\/classeducation.com\/?post_type=product&#038;p=16120"},"modified":"2022-03-12T15:56:00","modified_gmt":"2022-03-12T21:56:00","slug":"canada-college","status":"publish","type":"product","link":"https:\/\/classeducation.com\/en\/product\/canada-college\/","title":{"rendered":"Canada College"},"content":{"rendered":"<p>College Canada Inc. ha sido conocida como una universidad privada durante varios a\u00f1os.\u00a0El Colegio obtuvo su permiso de docencia el 13 de julio de 2012 del Ministerio de Educaci\u00f3n Superior, Investigaci\u00f3n, Ciencia y Tecnolog\u00eda (MESRST) que ahora est\u00e1 reconocido con el nombre de Ministerio de Educaci\u00f3n y Educaci\u00f3n Superior (MEES).\u00a0Despu\u00e9s de obtener este permiso, el Colegio finalmente abri\u00f3 sus puertas a los estudiantes ofreciendo un primer programa universitario, un AEC en Administraci\u00f3n de Base de Datos (LEA.CC).\u00a0A continuaci\u00f3n,<\/p>\n<p>College Canada Inc. se basa en los principios de excelencia acad\u00e9mica, apoyo profesional y \u00e9xito de los estudiantes.\u00a0Apoya a sus estudiantes en su proceso de desarrollo e integraci\u00f3n en la sociedad quebequense y canadiense.\u00a0El Colegio tambi\u00e9n tiene el objetivo de crear un ambiente saludable, seguro y cooperativo para el personal.\u00a0As\u00ed, el Colegio tiene como objetivo el desarrollo arm\u00f3nico de las pr\u00e1cticas docentes con respeto por los estudiantes, el personal y sus pr\u00e1cticas profesionales.<\/p>","protected":false},"excerpt":{"rendered":"<p>College Canada Inc. ha sido conocida como una universidad privada durante varios a\u00f1os.\u00a0El Colegio obtuvo su permiso de docencia el 13 de julio de 2012 del Ministerio de Educaci\u00f3n Superior, Investigaci\u00f3n, Ciencia y Tecnolog\u00eda (MESRST) que ahora est\u00e1 reconocido con el nombre de Ministerio de Educaci\u00f3n y Educaci\u00f3n Superior (MEES).\u00a0Despu\u00e9s de obtener este permiso, el [&hellip;]<\/p>\n","protected":false},"featured_media":17110,"comment_status":"open","ping_status":"closed","template":"","meta":{"_acf_changed":false},"product_brand":[],"product_cat":[48,51,49,52,56],"product_tag":[],"class_list":{"0":"post-16120","1":"product","2":"type-product","3":"status-publish","4":"has-post-thumbnail","6":"product_cat-canada","7":"product_cat-certificado","8":"product_cat-colleges-universidades","9":"product_cat-diploma","10":"product_cat-licienciatura","12":"first","13":"instock","14":"virtual","15":"product-type-simple"},"acf":[],"_links":{"self":[{"href":"https:\/\/classeducation.com\/en\/wp-json\/wp\/v2\/product\/16120","targetHints":{"allow":["GET"]}}],"collection":[{"href":"https:\/\/classeducation.com\/en\/wp-json\/wp\/v2\/product"}],"about":[{"href":"https:\/\/classeducation.com\/en\/wp-json\/wp\/v2\/types\/product"}],"replies":[{"embeddable":true,"href":"https:\/\/classeducation.com\/en\/wp-json\/wp\/v2\/comments?post=16120"}],"wp:featuredmedia":[{"embeddable":true,"href":"https:\/\/classeducation.com\/en\/wp-json\/wp\/v2\/media\/17110"}],"wp:attachment":[{"href":"https:\/\/classeducation.com\/en\/wp-json\/wp\/v2\/media?parent=16120"}],"wp:term":[{"taxonomy":"product_brand","embeddable":true,"href":"https:\/\/classeducation.com\/en\/wp-json\/wp\/v2\/product_brand?post=16120"},{"taxonomy":"product_cat","embeddable":true,"href":"https:\/\/classeducation.com\/en\/wp-json\/wp\/v2\/product_cat?post=16120"},{"taxonomy":"product_tag","embeddable":true,"href":"https:\/\/classeducation.com\/en\/wp-json\/wp\/v2\/product_tag?post=16120"}],"curies":[{"name":"wp","href":"https:\/\/api.w.org\/{rel}","templated":true}]}}