{"id":16103,"date":"2021-12-20T17:53:33","date_gmt":"2021-12-20T23:53:33","guid":{"rendered":"https:\/\/classeducation.com\/?post_type=product&#038;p=16103"},"modified":"2022-05-15T20:49:14","modified_gmt":"2022-05-16T01:49:14","slug":"trebas-institute","status":"publish","type":"product","link":"https:\/\/classeducation.com\/en\/product\/trebas-institute\/","title":{"rendered":"Trebas Institute"},"content":{"rendered":"<p class=\"bc42e8c09-13b3-a540-9bf9-d8988fdef60f\">Desde 1979, la misi\u00f3n de Trebas Institute ha sido capacitar a personas talentosas, permiti\u00e9ndoles adquirir las habilidades necesarias para convertirse en activos dentro de las industrias de negocios, tecnolog\u00eda y entretenimiento.<\/p>\n<p class=\"b300f4648-e6e2-c2b2-7756-9543744617cb\">Trebas Institute ofrece programas acad\u00e9micos excepcionales con instructores c\u00e9lebres que son expertos en sus campos y planes de estudio y programas de estudios actualizados regularmente brindan a nuestros estudiantes una ventaja al ingresar al mercado laboral.<\/p>\n<p class=\"b4c82b49f-ebe5-5fa6-8dfb-e85557533e62\">Nuestro campus est\u00e1 situado en el coraz\u00f3n de Montreal, la ciudad m\u00e1s grande de la provincia canadiense de Qu\u00e9bec. El franc\u00e9s es el idioma oficial aqu\u00ed y se habla ampliamente junto con el ingl\u00e9s. Como resultado, los estudiantes pueden continuar su educaci\u00f3n en cualquier idioma o aprender una nueva jerga mientras estudian con compa\u00f1eros biling\u00fces.<\/p>","protected":false},"excerpt":{"rendered":"<p>Desde 1979, la misi\u00f3n de Trebas Institute ha sido capacitar a personas talentosas, permiti\u00e9ndoles adquirir las habilidades necesarias para convertirse en activos dentro de las industrias de negocios, tecnolog\u00eda y entretenimiento. Trebas Institute ofrece programas acad\u00e9micos excepcionales con instructores c\u00e9lebres que son expertos en sus campos y planes de estudio y programas de estudios actualizados [&hellip;]<\/p>\n","protected":false},"featured_media":16192,"comment_status":"open","ping_status":"closed","template":"","meta":{"_acf_changed":false},"product_brand":[],"product_cat":[48,51,49,52,56,58],"product_tag":[],"class_list":{"0":"post-16103","1":"product","2":"type-product","3":"status-publish","4":"has-post-thumbnail","6":"product_cat-canada","7":"product_cat-certificado","8":"product_cat-colleges-universidades","9":"product_cat-diploma","10":"product_cat-licienciatura","11":"product_cat-posgrado","13":"first","14":"instock","15":"virtual","16":"product-type-simple"},"acf":[],"_links":{"self":[{"href":"https:\/\/classeducation.com\/en\/wp-json\/wp\/v2\/product\/16103","targetHints":{"allow":["GET"]}}],"collection":[{"href":"https:\/\/classeducation.com\/en\/wp-json\/wp\/v2\/product"}],"about":[{"href":"https:\/\/classeducation.com\/en\/wp-json\/wp\/v2\/types\/product"}],"replies":[{"embeddable":true,"href":"https:\/\/classeducation.com\/en\/wp-json\/wp\/v2\/comments?post=16103"}],"wp:featuredmedia":[{"embeddable":true,"href":"https:\/\/classeducation.com\/en\/wp-json\/wp\/v2\/media\/16192"}],"wp:attachment":[{"href":"https:\/\/classeducation.com\/en\/wp-json\/wp\/v2\/media?parent=16103"}],"wp:term":[{"taxonomy":"product_brand","embeddable":true,"href":"https:\/\/classeducation.com\/en\/wp-json\/wp\/v2\/product_brand?post=16103"},{"taxonomy":"product_cat","embeddable":true,"href":"https:\/\/classeducation.com\/en\/wp-json\/wp\/v2\/product_cat?post=16103"},{"taxonomy":"product_tag","embeddable":true,"href":"https:\/\/classeducation.com\/en\/wp-json\/wp\/v2\/product_tag?post=16103"}],"curies":[{"name":"wp","href":"https:\/\/api.w.org\/{rel}","templated":true}]}}