{"id":16102,"date":"2021-12-20T15:49:32","date_gmt":"2021-12-20T21:49:32","guid":{"rendered":"https:\/\/classeducation.com\/?post_type=product&#038;p=16102"},"modified":"2022-03-12T16:03:57","modified_gmt":"2022-03-12T22:03:57","slug":"mohawk-college","status":"publish","type":"product","link":"https:\/\/classeducation.com\/en\/product\/mohawk-college\/","title":{"rendered":"Mohawk College"},"content":{"rendered":"<p>En 2012, Mohawk College desarroll\u00f3 un Plan Acad\u00e9mico que considera las necesidades de nuestra comunidad y asegura que el College produzca graduados altamente calificados que no solo obtendr\u00e1n trabajos, sino que tambi\u00e9n ayudar\u00e1n a crearlos.\u00a0A los equipos de proyectos interdisciplinarios y multifuncionales se les ha encomendado la tarea de llevar las ideas inspiradas de nuestro Plan Acad\u00e9mico a acciones realizables.<\/p>\n<p>En abril de 2014, doce Equipos de Proyecto del Plan Acad\u00e9mico se han involucrado en un pensamiento de dise\u00f1o innovador para recomendar acciones que promover\u00edan los cinco temas del Plan Acad\u00e9mico: Tecnolog\u00eda, Habilidades, Aprendizaje, Caminos y Conexiones.\u00a0Lea los informes de estado de los equipos, hable con los miembros del equipo, participe activamente en hacer de Mohawk College una organizaci\u00f3n de aprendizaje centrada en el estudiante.<\/p>\n<p>El enfoque de la educaci\u00f3n especialmente inclusivo y tecnol\u00f3gicamente impulsado por Mohawk College ofrece tanto lo te\u00f3rico como lo pr\u00e1ctico.\u00a0Reunimos a la facultad, los estudiantes y la industria de una manera colaborativa que es a la vez productiva, participativa y progresiva.<\/p>","protected":false},"excerpt":{"rendered":"<p>En 2012, Mohawk College desarroll\u00f3 un Plan Acad\u00e9mico que considera las necesidades de nuestra comunidad y asegura que el College produzca graduados altamente calificados que no solo obtendr\u00e1n trabajos, sino que tambi\u00e9n ayudar\u00e1n a crearlos.\u00a0A los equipos de proyectos interdisciplinarios y multifuncionales se les ha encomendado la tarea de llevar las ideas inspiradas de nuestro [&hellip;]<\/p>\n","protected":false},"featured_media":17111,"comment_status":"open","ping_status":"closed","template":"","meta":{"_acf_changed":false},"product_brand":[],"product_cat":[48,51,49,52,56,58],"product_tag":[],"class_list":{"0":"post-16102","1":"product","2":"type-product","3":"status-publish","4":"has-post-thumbnail","6":"product_cat-canada","7":"product_cat-certificado","8":"product_cat-colleges-universidades","9":"product_cat-diploma","10":"product_cat-licienciatura","11":"product_cat-posgrado","13":"first","14":"instock","15":"virtual","16":"product-type-simple"},"acf":[],"_links":{"self":[{"href":"https:\/\/classeducation.com\/en\/wp-json\/wp\/v2\/product\/16102","targetHints":{"allow":["GET"]}}],"collection":[{"href":"https:\/\/classeducation.com\/en\/wp-json\/wp\/v2\/product"}],"about":[{"href":"https:\/\/classeducation.com\/en\/wp-json\/wp\/v2\/types\/product"}],"replies":[{"embeddable":true,"href":"https:\/\/classeducation.com\/en\/wp-json\/wp\/v2\/comments?post=16102"}],"wp:featuredmedia":[{"embeddable":true,"href":"https:\/\/classeducation.com\/en\/wp-json\/wp\/v2\/media\/17111"}],"wp:attachment":[{"href":"https:\/\/classeducation.com\/en\/wp-json\/wp\/v2\/media?parent=16102"}],"wp:term":[{"taxonomy":"product_brand","embeddable":true,"href":"https:\/\/classeducation.com\/en\/wp-json\/wp\/v2\/product_brand?post=16102"},{"taxonomy":"product_cat","embeddable":true,"href":"https:\/\/classeducation.com\/en\/wp-json\/wp\/v2\/product_cat?post=16102"},{"taxonomy":"product_tag","embeddable":true,"href":"https:\/\/classeducation.com\/en\/wp-json\/wp\/v2\/product_tag?post=16102"}],"curies":[{"name":"wp","href":"https:\/\/api.w.org\/{rel}","templated":true}]}}