{"id":16101,"date":"2021-12-20T15:27:16","date_gmt":"2021-12-20T21:27:16","guid":{"rendered":"https:\/\/classeducation.com\/?post_type=product&#038;p=16101"},"modified":"2022-04-21T09:38:41","modified_gmt":"2022-04-21T14:38:41","slug":"norquest-college","status":"publish","type":"product","link":"https:\/\/classeducation.com\/en\/product\/norquest-college\/","title":{"rendered":"NorQuest College"},"content":{"rendered":"<p>En NorQuest, tenemos la capacidad \u00fanica de proporcionar a los estudiantes las habilidades que Alberta necesita en un entorno inclusivo y de apoyo.\u00a0Y con los aportes de la industria, las empresas y el sector p\u00fablico, hacemos que el aprendizaje sea relevante y gratificante.<\/p>\n<p>Entendemos que nuestros alumnos vienen con diferentes niveles de educaci\u00f3n y los ayudamos en los momentos y lugares que satisfacen sus necesidades, ya sea en el aula, a trav\u00e9s de educaci\u00f3n a distancia o educaci\u00f3n continua.\u00a0Ayudamos a identificar sus fortalezas, trabajar en sus \u00e1reas de necesidad y llevarlos hacia caminos de aprendizaje emocionantes y carreras que cambian sus vidas.\u00a0Nuestros programas de diploma y certificado postsecundarios ofrecen carreras en salud, estudios comunitarios y negocios.<\/p>\n<p>Tambi\u00e9n cumplimos de manera \u00fanica las crecientes demandas de nuestra econom\u00eda.\u00a0Gracias a nuestra programaci\u00f3n relevante para la fuerza laboral, el graduado promedio de un diploma de NorQuest College gana $ 15,100 m\u00e1s que un graduado de la escuela secundaria en el punto medio de su carrera.\u00a0Adem\u00e1s, la investigaci\u00f3n muestra que NorQuest College y nuestros estudiantes agregaron $ 471.4 millones de ingresos totales a la econom\u00eda regional de Edmonton.\u00a0Estos resultados se basan en un estudio de 2016-17 realizado por Economic Specialists International.<\/p>","protected":false},"excerpt":{"rendered":"<p>En NorQuest, tenemos la capacidad \u00fanica de proporcionar a los estudiantes las habilidades que Alberta necesita en un entorno inclusivo y de apoyo.\u00a0Y con los aportes de la industria, las empresas y el sector p\u00fablico, hacemos que el aprendizaje sea relevante y gratificante. Entendemos que nuestros alumnos vienen con diferentes niveles de educaci\u00f3n y los [&hellip;]<\/p>\n","protected":false},"featured_media":16964,"comment_status":"open","ping_status":"closed","template":"","meta":{"_acf_changed":false},"product_brand":[],"product_cat":[48,51,49,52,56,57],"product_tag":[],"class_list":{"0":"post-16101","1":"product","2":"type-product","3":"status-publish","4":"has-post-thumbnail","6":"product_cat-canada","7":"product_cat-certificado","8":"product_cat-colleges-universidades","9":"product_cat-diploma","10":"product_cat-licienciatura","11":"product_cat-mba","13":"first","14":"instock","15":"virtual","16":"product-type-simple"},"acf":[],"_links":{"self":[{"href":"https:\/\/classeducation.com\/en\/wp-json\/wp\/v2\/product\/16101","targetHints":{"allow":["GET"]}}],"collection":[{"href":"https:\/\/classeducation.com\/en\/wp-json\/wp\/v2\/product"}],"about":[{"href":"https:\/\/classeducation.com\/en\/wp-json\/wp\/v2\/types\/product"}],"replies":[{"embeddable":true,"href":"https:\/\/classeducation.com\/en\/wp-json\/wp\/v2\/comments?post=16101"}],"wp:featuredmedia":[{"embeddable":true,"href":"https:\/\/classeducation.com\/en\/wp-json\/wp\/v2\/media\/16964"}],"wp:attachment":[{"href":"https:\/\/classeducation.com\/en\/wp-json\/wp\/v2\/media?parent=16101"}],"wp:term":[{"taxonomy":"product_brand","embeddable":true,"href":"https:\/\/classeducation.com\/en\/wp-json\/wp\/v2\/product_brand?post=16101"},{"taxonomy":"product_cat","embeddable":true,"href":"https:\/\/classeducation.com\/en\/wp-json\/wp\/v2\/product_cat?post=16101"},{"taxonomy":"product_tag","embeddable":true,"href":"https:\/\/classeducation.com\/en\/wp-json\/wp\/v2\/product_tag?post=16101"}],"curies":[{"name":"wp","href":"https:\/\/api.w.org\/{rel}","templated":true}]}}