{"id":16099,"date":"2021-12-17T15:39:17","date_gmt":"2021-12-17T21:39:17","guid":{"rendered":"https:\/\/classeducation.com\/?post_type=product&#038;p=16099"},"modified":"2022-03-12T16:10:21","modified_gmt":"2022-03-12T22:10:21","slug":"lbpsb","status":"publish","type":"product","link":"https:\/\/classeducation.com\/en\/product\/lbpsb\/","title":{"rendered":"LBPSB"},"content":{"rendered":"<p id=\"tw-target-text\" class=\"tw-data-text tw-text-large tw-ta\" dir=\"ltr\" data-placeholder=\"Traducci\u00f3n\"><span class=\"Y2IQFc\" lang=\"es\">El Lester B. Pearson School Board es la segunda junta escolar inglesa m\u00e1s grande de Quebec y atiende a aproximadamente veinte mil estudiantes en el sector de la juventud y ocho mil m\u00e1s en su sector de educaci\u00f3n continua. El territorio de las juntas incluye cinco distritos de la ciudad de Montreal (Verdun, La Salle, Lachine, Pierrefonds- Roxboro, \u00cele Bizard- Sainte Genevi\u00e8ve) y los municipios de Dorval, Pointe-Claire, Dollard-des- Ormeaux, Sainte-Anne-de -Bellevue, Senneville, Kirkland, Beaconsfield y Baie d&#8217;Urf\u00e8. <\/span><\/p>\n<p id=\"tw-target-text\" class=\"tw-data-text tw-text-large tw-ta\" dir=\"ltr\" data-placeholder=\"Traducci\u00f3n\"><span class=\"Y2IQFc\" lang=\"es\">Adem\u00e1s, el territorio tambi\u00e9n incluye veintitr\u00e9s municipios al oeste de la isla de Montreal, entre ellos los r\u00edos Ottawa y St Lawrence al oeste hasta la frontera con Ontario. Estos son: toda la isla de L&#8217;\u00cele-Perr\u00f4t, los municipios de Tr\u00e8s-Saint-R\u00e9dempteur, Sainte-Marthe, Saint Justine-de-Newton, Saint-Clet, C\u00f4teau-du-Lac, Les-Coteaux, Saint-Polycarpe , Saint-Zotique, Rivi\u00e8re- Beaudette, Saint- T\u00e9lesphore.<\/span><\/p>\n<p class=\"tw-data-text tw-text-large tw-ta\" dir=\"ltr\" data-placeholder=\"Traducci\u00f3n\"><span class=\"Y2IQFc\" lang=\"es\">La Junta es responsable de una red de treinta y seis escuelas primarias, trece escuelas secundarias y ocho centros de formaci\u00f3n profesional y para adultos. Adem\u00e1s, la Junta opera Centros de Aprendizaje Alternativo, Escuelas del Ministerio de Asuntos Sociales y un Centro Internacional de Idiomas.<\/span><\/p>","protected":false},"excerpt":{"rendered":"<p>El Lester B. Pearson School Board es la segunda junta escolar inglesa m\u00e1s grande de Quebec y atiende a aproximadamente veinte mil estudiantes en el sector de la juventud y ocho mil m\u00e1s en su sector de educaci\u00f3n continua. El territorio de las juntas incluye cinco distritos de la ciudad de Montreal (Verdun, La Salle, [&hellip;]<\/p>\n","protected":false},"featured_media":17112,"comment_status":"open","ping_status":"closed","template":"","meta":{"_acf_changed":false},"product_brand":[],"product_cat":[48,51,49,52,56,57],"product_tag":[],"class_list":{"0":"post-16099","1":"product","2":"type-product","3":"status-publish","4":"has-post-thumbnail","6":"product_cat-canada","7":"product_cat-certificado","8":"product_cat-colleges-universidades","9":"product_cat-diploma","10":"product_cat-licienciatura","11":"product_cat-mba","13":"first","14":"instock","15":"virtual","16":"product-type-simple"},"acf":[],"_links":{"self":[{"href":"https:\/\/classeducation.com\/en\/wp-json\/wp\/v2\/product\/16099","targetHints":{"allow":["GET"]}}],"collection":[{"href":"https:\/\/classeducation.com\/en\/wp-json\/wp\/v2\/product"}],"about":[{"href":"https:\/\/classeducation.com\/en\/wp-json\/wp\/v2\/types\/product"}],"replies":[{"embeddable":true,"href":"https:\/\/classeducation.com\/en\/wp-json\/wp\/v2\/comments?post=16099"}],"wp:featuredmedia":[{"embeddable":true,"href":"https:\/\/classeducation.com\/en\/wp-json\/wp\/v2\/media\/17112"}],"wp:attachment":[{"href":"https:\/\/classeducation.com\/en\/wp-json\/wp\/v2\/media?parent=16099"}],"wp:term":[{"taxonomy":"product_brand","embeddable":true,"href":"https:\/\/classeducation.com\/en\/wp-json\/wp\/v2\/product_brand?post=16099"},{"taxonomy":"product_cat","embeddable":true,"href":"https:\/\/classeducation.com\/en\/wp-json\/wp\/v2\/product_cat?post=16099"},{"taxonomy":"product_tag","embeddable":true,"href":"https:\/\/classeducation.com\/en\/wp-json\/wp\/v2\/product_tag?post=16099"}],"curies":[{"name":"wp","href":"https:\/\/api.w.org\/{rel}","templated":true}]}}