{"id":16084,"date":"2021-12-16T15:44:34","date_gmt":"2021-12-16T21:44:34","guid":{"rendered":"https:\/\/classeducation.com\/?post_type=product&#038;p=16084"},"modified":"2022-04-19T14:45:23","modified_gmt":"2022-04-19T19:45:23","slug":"university-of-windsor","status":"publish","type":"product","link":"https:\/\/classeducation.com\/en\/product\/university-of-windsor\/","title":{"rendered":"University of Windsor"},"content":{"rendered":"<p>Tenemos s\u00f3lidas relaciones entre estudiantes y profesores, un profesorado excepcional galardonado y un personal innovador.\u00a0Crea una atm\u00f3sfera unificadora de excelencia en todas nuestras facultades para fomentar el aprendizaje, la ense\u00f1anza, la investigaci\u00f3n y el descubrimiento durante toda la vida.<\/p>\n<p>La Universidad de Windsor tambi\u00e9n marc\u00f3 el comienzo de una nueva era en septiembre de 2015 con la apertura de clases en la primera fase de su campus en el centro de la ciudad en el coraz\u00f3n del n\u00facleo de Windsor.\u00a0El nuevo edificio, que conserva la fachada hist\u00f3rica del antiguo edificio del peri\u00f3dico Windsor Star, alberga la\u00a0<a href=\"https:\/\/www.uwindsor.ca\/socialwork\">Escuela de Trabajo Social<\/a>\u00a0y el\u00a0<a href=\"https:\/\/www.uwindsor.ca\/cepe\">Centro de Educaci\u00f3n Ejecutiva y Profesional<\/a>\u00a0.<\/p>","protected":false},"excerpt":{"rendered":"<p>Tenemos s\u00f3lidas relaciones entre estudiantes y profesores, un profesorado excepcional galardonado y un personal innovador.\u00a0Crea una atm\u00f3sfera unificadora de excelencia en todas nuestras facultades para fomentar el aprendizaje, la ense\u00f1anza, la investigaci\u00f3n y el descubrimiento durante toda la vida. La Universidad de Windsor tambi\u00e9n marc\u00f3 el comienzo de una nueva era en septiembre de 2015 [&hellip;]<\/p>\n","protected":false},"featured_media":16087,"comment_status":"open","ping_status":"closed","template":"","meta":{"_acf_changed":false},"product_brand":[],"product_cat":[48,51,49,52,56,57],"product_tag":[],"class_list":{"0":"post-16084","1":"product","2":"type-product","3":"status-publish","4":"has-post-thumbnail","6":"product_cat-canada","7":"product_cat-certificado","8":"product_cat-colleges-universidades","9":"product_cat-diploma","10":"product_cat-licienciatura","11":"product_cat-mba","13":"first","14":"instock","15":"virtual","16":"product-type-simple"},"acf":[],"_links":{"self":[{"href":"https:\/\/classeducation.com\/en\/wp-json\/wp\/v2\/product\/16084","targetHints":{"allow":["GET"]}}],"collection":[{"href":"https:\/\/classeducation.com\/en\/wp-json\/wp\/v2\/product"}],"about":[{"href":"https:\/\/classeducation.com\/en\/wp-json\/wp\/v2\/types\/product"}],"replies":[{"embeddable":true,"href":"https:\/\/classeducation.com\/en\/wp-json\/wp\/v2\/comments?post=16084"}],"wp:featuredmedia":[{"embeddable":true,"href":"https:\/\/classeducation.com\/en\/wp-json\/wp\/v2\/media\/16087"}],"wp:attachment":[{"href":"https:\/\/classeducation.com\/en\/wp-json\/wp\/v2\/media?parent=16084"}],"wp:term":[{"taxonomy":"product_brand","embeddable":true,"href":"https:\/\/classeducation.com\/en\/wp-json\/wp\/v2\/product_brand?post=16084"},{"taxonomy":"product_cat","embeddable":true,"href":"https:\/\/classeducation.com\/en\/wp-json\/wp\/v2\/product_cat?post=16084"},{"taxonomy":"product_tag","embeddable":true,"href":"https:\/\/classeducation.com\/en\/wp-json\/wp\/v2\/product_tag?post=16084"}],"curies":[{"name":"wp","href":"https:\/\/api.w.org\/{rel}","templated":true}]}}