{"id":16075,"date":"2021-12-15T17:32:15","date_gmt":"2021-12-15T23:32:15","guid":{"rendered":"https:\/\/classeducation.com\/?post_type=product&#038;p=16075"},"modified":"2022-02-23T12:38:51","modified_gmt":"2022-02-23T18:38:51","slug":"bcit","status":"publish","type":"product","link":"https:\/\/classeducation.com\/en\/product\/bcit\/","title":{"rendered":"BCIT"},"content":{"rendered":"<p>Estamos orgullosos de ofrecer una educaci\u00f3n que va m\u00e1s all\u00e1 de los libros de texto y las aulas.<\/p>\n<p>Nuestros estudiantes obtienen las habilidades t\u00e9cnicas, la experiencia del mundo real y la capacidad de resoluci\u00f3n de problemas necesarios para aceptar la complejidad y liderar la innovaci\u00f3n en una fuerza laboral que cambia r\u00e1pidamente.<\/p>\n<p>A trav\u00e9s de una estrecha colaboraci\u00f3n con la industria, nuestra red de ex alumnos y socios contin\u00faa logrando el \u00e9xito global.<\/p>","protected":false},"excerpt":{"rendered":"<p>Estamos orgullosos de ofrecer una educaci\u00f3n que va m\u00e1s all\u00e1 de los libros de texto y las aulas. Nuestros estudiantes obtienen las habilidades t\u00e9cnicas, la experiencia del mundo real y la capacidad de resoluci\u00f3n de problemas necesarios para aceptar la complejidad y liderar la innovaci\u00f3n en una fuerza laboral que cambia r\u00e1pidamente. A trav\u00e9s de [&hellip;]<\/p>\n","protected":false},"featured_media":14879,"comment_status":"open","ping_status":"closed","template":"","meta":{"_acf_changed":false},"product_brand":[],"product_cat":[48,51,49,52,56,57],"product_tag":[],"class_list":{"0":"post-16075","1":"product","2":"type-product","3":"status-publish","4":"has-post-thumbnail","6":"product_cat-canada","7":"product_cat-certificado","8":"product_cat-colleges-universidades","9":"product_cat-diploma","10":"product_cat-licienciatura","11":"product_cat-mba","13":"first","14":"instock","15":"virtual","16":"product-type-simple"},"acf":[],"_links":{"self":[{"href":"https:\/\/classeducation.com\/en\/wp-json\/wp\/v2\/product\/16075","targetHints":{"allow":["GET"]}}],"collection":[{"href":"https:\/\/classeducation.com\/en\/wp-json\/wp\/v2\/product"}],"about":[{"href":"https:\/\/classeducation.com\/en\/wp-json\/wp\/v2\/types\/product"}],"replies":[{"embeddable":true,"href":"https:\/\/classeducation.com\/en\/wp-json\/wp\/v2\/comments?post=16075"}],"wp:featuredmedia":[{"embeddable":true,"href":"https:\/\/classeducation.com\/en\/wp-json\/wp\/v2\/media\/14879"}],"wp:attachment":[{"href":"https:\/\/classeducation.com\/en\/wp-json\/wp\/v2\/media?parent=16075"}],"wp:term":[{"taxonomy":"product_brand","embeddable":true,"href":"https:\/\/classeducation.com\/en\/wp-json\/wp\/v2\/product_brand?post=16075"},{"taxonomy":"product_cat","embeddable":true,"href":"https:\/\/classeducation.com\/en\/wp-json\/wp\/v2\/product_cat?post=16075"},{"taxonomy":"product_tag","embeddable":true,"href":"https:\/\/classeducation.com\/en\/wp-json\/wp\/v2\/product_tag?post=16075"}],"curies":[{"name":"wp","href":"https:\/\/api.w.org\/{rel}","templated":true}]}}