{"id":16067,"date":"2021-12-15T17:10:19","date_gmt":"2021-12-15T23:10:19","guid":{"rendered":"https:\/\/classeducation.com\/?post_type=product&#038;p=16067"},"modified":"2022-05-31T17:39:40","modified_gmt":"2022-05-31T22:39:40","slug":"thompson-river-university","status":"publish","type":"product","link":"https:\/\/classeducation.com\/en\/product\/thompson-river-university\/","title":{"rendered":"Thompson River University (TRU)"},"content":{"rendered":"<p id=\"tw-target-text\" class=\"tw-data-text tw-text-large tw-ta\" dir=\"ltr\" data-placeholder=\"Traducci\u00f3n\"><span class=\"Y2IQFc\" lang=\"es\">En Thompson Rivers University, el \u00e9xito de los estudiantes es nuestra prioridad. Empoderamos a nuestros estudiantes para que alcancen sus metas con opciones de aprendizaje flexibles, servicios para estudiantes individualizados, oportunidades de aprendizaje pr\u00e1ctico y un entorno diverso e inclusivo. Desde 1970, TRU se enorgullece de brindar una educaci\u00f3n excelente a todos los estudiantes que vienen a nosotros, con una amplia variedad de or\u00edgenes y perspectivas, en varias etapas del viaje de aprendizaje. Atendemos a m\u00e1s de 25,000 estudiantes, en nuestros campus en Kamloops y Williams Lake, y a trav\u00e9s de cursos y programas a distancia o en l\u00ednea a trav\u00e9s de Open Learning. Desde estudios acad\u00e9micos tradicionales hasta oficios, desde certificados hasta t\u00edtulos de posgrado, TRU ofrece m\u00e1s de 140 programas en el campus y m\u00e1s de 50 programas de aprendizaje abierto. Nuestros estudiantes aplican lo que aprenden en t\u00e9rminos de trabajo cooperativo, estudios en el extranjero, investigaci\u00f3n de pregrado, escuelas de campo y pr\u00e1cticas, aprendizaje de servicio y otras oportunidades, con orientaci\u00f3n y tutor\u00eda de nuestra facultad accesible. La investigaci\u00f3n, la creaci\u00f3n y la innovaci\u00f3n prosperan en nuestro entorno de aprendizaje abierto y flexible. Y tambi\u00e9n nuestros estudiantes.<\/span><\/p>","protected":false},"excerpt":{"rendered":"<p>En Thompson Rivers University, el \u00e9xito de los estudiantes es nuestra prioridad. Empoderamos a nuestros estudiantes para que alcancen sus metas con opciones de aprendizaje flexibles, servicios para estudiantes individualizados, oportunidades de aprendizaje pr\u00e1ctico y un entorno diverso e inclusivo. Desde 1970, TRU se enorgullece de brindar una educaci\u00f3n excelente a todos los estudiantes que [&hellip;]<\/p>\n","protected":false},"featured_media":16074,"comment_status":"open","ping_status":"closed","template":"","meta":{"_acf_changed":false},"product_brand":[],"product_cat":[48,51,49,52,56,57],"product_tag":[],"class_list":{"0":"post-16067","1":"product","2":"type-product","3":"status-publish","4":"has-post-thumbnail","6":"product_cat-canada","7":"product_cat-certificado","8":"product_cat-colleges-universidades","9":"product_cat-diploma","10":"product_cat-licienciatura","11":"product_cat-mba","13":"first","14":"instock","15":"virtual","16":"product-type-simple"},"acf":[],"_links":{"self":[{"href":"https:\/\/classeducation.com\/en\/wp-json\/wp\/v2\/product\/16067","targetHints":{"allow":["GET"]}}],"collection":[{"href":"https:\/\/classeducation.com\/en\/wp-json\/wp\/v2\/product"}],"about":[{"href":"https:\/\/classeducation.com\/en\/wp-json\/wp\/v2\/types\/product"}],"replies":[{"embeddable":true,"href":"https:\/\/classeducation.com\/en\/wp-json\/wp\/v2\/comments?post=16067"}],"wp:featuredmedia":[{"embeddable":true,"href":"https:\/\/classeducation.com\/en\/wp-json\/wp\/v2\/media\/16074"}],"wp:attachment":[{"href":"https:\/\/classeducation.com\/en\/wp-json\/wp\/v2\/media?parent=16067"}],"wp:term":[{"taxonomy":"product_brand","embeddable":true,"href":"https:\/\/classeducation.com\/en\/wp-json\/wp\/v2\/product_brand?post=16067"},{"taxonomy":"product_cat","embeddable":true,"href":"https:\/\/classeducation.com\/en\/wp-json\/wp\/v2\/product_cat?post=16067"},{"taxonomy":"product_tag","embeddable":true,"href":"https:\/\/classeducation.com\/en\/wp-json\/wp\/v2\/product_tag?post=16067"}],"curies":[{"name":"wp","href":"https:\/\/api.w.org\/{rel}","templated":true}]}}