{"id":16061,"date":"2021-12-13T18:28:31","date_gmt":"2021-12-14T00:28:31","guid":{"rendered":"https:\/\/classeducation.com\/?post_type=product&#038;p=16061"},"modified":"2023-01-04T19:04:55","modified_gmt":"2023-01-05T01:04:55","slug":"sault-college","status":"publish","type":"product","link":"https:\/\/classeducation.com\/en\/product\/sault-college\/","title":{"rendered":"Sault College"},"content":{"rendered":"<p id=\"tw-target-text\" class=\"tw-data-text tw-text-large tw-ta\" dir=\"ltr\" data-placeholder=\"Traducci\u00f3n\"><span class=\"Y2IQFc\" lang=\"es\">Vivir en Sault Ste. Marie ofrece el tipo de estilo de vida con el que la gente sue\u00f1a. El espacio para respirar y la capacidad de priorizar lo m\u00e1s importante de ese d\u00eda. El sol, kil\u00f3metros de playas de arena, nataci\u00f3n, barbacoas, ciclismo y m\u00e1s. <strong>Investigaci\u00f3n y aprendizaje<\/strong> <\/span><\/p>\n<p class=\"tw-data-text tw-text-large tw-ta\" dir=\"ltr\" data-placeholder=\"Traducci\u00f3n\"><span class=\"Y2IQFc\" lang=\"es\">El objetivo del Centro de Investigaci\u00f3n Aplicada es facilitar las actividades de investigaci\u00f3n aplicada en nuestra universidad que involucran a nuestros socios de la industria y la comunidad, nuestra facultad, personal y estudiantes y utilizan nuestra Gesti\u00f3n integral de instalaciones. <\/span><\/p>","protected":false},"excerpt":{"rendered":"<p>Vivir en Sault Ste. Marie ofrece el tipo de estilo de vida con el que la gente sue\u00f1a. El espacio para respirar y la capacidad de priorizar lo m\u00e1s importante de ese d\u00eda. El sol, kil\u00f3metros de playas de arena, nataci\u00f3n, barbacoas, ciclismo y m\u00e1s. Investigaci\u00f3n y aprendizaje El objetivo del Centro de Investigaci\u00f3n Aplicada [&hellip;]<\/p>\n","protected":false},"featured_media":13249,"comment_status":"open","ping_status":"closed","template":"","meta":{"_acf_changed":false},"product_brand":[],"product_cat":[48,51,49,52],"product_tag":[],"class_list":{"0":"post-16061","1":"product","2":"type-product","3":"status-publish","4":"has-post-thumbnail","6":"product_cat-canada","7":"product_cat-certificado","8":"product_cat-colleges-universidades","9":"product_cat-diploma","11":"first","12":"instock","13":"virtual","14":"product-type-simple"},"acf":[],"_links":{"self":[{"href":"https:\/\/classeducation.com\/en\/wp-json\/wp\/v2\/product\/16061","targetHints":{"allow":["GET"]}}],"collection":[{"href":"https:\/\/classeducation.com\/en\/wp-json\/wp\/v2\/product"}],"about":[{"href":"https:\/\/classeducation.com\/en\/wp-json\/wp\/v2\/types\/product"}],"replies":[{"embeddable":true,"href":"https:\/\/classeducation.com\/en\/wp-json\/wp\/v2\/comments?post=16061"}],"wp:featuredmedia":[{"embeddable":true,"href":"https:\/\/classeducation.com\/en\/wp-json\/wp\/v2\/media\/13249"}],"wp:attachment":[{"href":"https:\/\/classeducation.com\/en\/wp-json\/wp\/v2\/media?parent=16061"}],"wp:term":[{"taxonomy":"product_brand","embeddable":true,"href":"https:\/\/classeducation.com\/en\/wp-json\/wp\/v2\/product_brand?post=16061"},{"taxonomy":"product_cat","embeddable":true,"href":"https:\/\/classeducation.com\/en\/wp-json\/wp\/v2\/product_cat?post=16061"},{"taxonomy":"product_tag","embeddable":true,"href":"https:\/\/classeducation.com\/en\/wp-json\/wp\/v2\/product_tag?post=16061"}],"curies":[{"name":"wp","href":"https:\/\/api.w.org\/{rel}","templated":true}]}}