{"id":14691,"date":"2021-05-07T11:40:29","date_gmt":"2021-05-07T16:40:29","guid":{"rendered":"https:\/\/classeducation.com\/?post_type=product&#038;p=14691"},"modified":"2022-03-01T20:10:37","modified_gmt":"2022-03-02T02:10:37","slug":"niagara-college-toronto","status":"publish","type":"product","link":"https:\/\/classeducation.com\/en\/product\/niagara-college-toronto\/","title":{"rendered":"Niagara College Toronto"},"content":{"rendered":"<ul>\n<li><strong>Ubicaci\u00f3n Inmejorable:<\/strong> Estudia en el coraz\u00f3n del centro de Toronto, el principal centro empresarial y cultural de Canad\u00e1. Podr\u00e1s acceder a una gran variedad de oportunidades laborales y recreativas.<\/li>\n<li><strong>Campus: <\/strong>Nuestro campus cuenta con un espacio de 35.000 pies cuadrados de \u00e1reas recientemente renovadas, un auditorio de \u00faltima generaci\u00f3n, laboratorios de computaci\u00f3n, un sal\u00f3n para estudiantes, un caf\u00e9 administrado por estudiantes y mucho m\u00e1s.<\/li>\n<li>Programas: 3 Certificados de 1 a\u00f1o, Un Diploma de 2 a\u00f1os.<\/li>\n<li>\u00c1reas de Estudio: Business, International Business Management, Hospitality &amp; Tourism Management, Human Resources Management.<\/li>\n<li><strong>Network:<\/strong> La ubicaci\u00f3n privilegiada en el centro de la ciudad da acceso a los principales empleadores y a diversas oportunidades de establecer contactos.<\/li>\n<li><strong>Aprendizaje aplicado:<\/strong> El aprendizaje aplicado ofrece experiencias especializadas en su campo de educaci\u00f3n.<\/li>\n<li><strong>Oportunidades laborales:<\/strong> Como estudiante internacional a tiempo completo, puedes trabajar a tiempo parcial durante tus estudios y tiempo completo durante los recesos programados.<\/li>\n<li><strong>Permiso de trabajo posterior a la graduaci\u00f3n:<\/strong> Una vez completado con \u00e9xito el programa de Diploma de Pregrado o Certificado de Posgrado de Niagara College, podr\u00e1s solicitar un permiso de trabajo de posgrado en Canad\u00e1.<\/li>\n<\/ul>","protected":false},"excerpt":{"rendered":"<p>Ubicaci\u00f3n Inmejorable: Estudia en el coraz\u00f3n del centro de Toronto, el principal centro empresarial y cultural de Canad\u00e1. Podr\u00e1s acceder a una gran variedad de oportunidades laborales y recreativas. Campus: Nuestro campus cuenta con un espacio de 35.000 pies cuadrados de \u00e1reas recientemente renovadas, un auditorio de \u00faltima generaci\u00f3n, laboratorios de computaci\u00f3n, un sal\u00f3n para [&hellip;]<\/p>\n","protected":false},"featured_media":14692,"comment_status":"open","ping_status":"closed","template":"","meta":{"_acf_changed":false},"product_brand":[],"product_cat":[48,51,49,52],"product_tag":[],"class_list":{"0":"post-14691","1":"product","2":"type-product","3":"status-publish","4":"has-post-thumbnail","6":"product_cat-canada","7":"product_cat-certificado","8":"product_cat-colleges-universidades","9":"product_cat-diploma","11":"first","12":"instock","13":"virtual","14":"product-type-simple"},"acf":[],"_links":{"self":[{"href":"https:\/\/classeducation.com\/en\/wp-json\/wp\/v2\/product\/14691","targetHints":{"allow":["GET"]}}],"collection":[{"href":"https:\/\/classeducation.com\/en\/wp-json\/wp\/v2\/product"}],"about":[{"href":"https:\/\/classeducation.com\/en\/wp-json\/wp\/v2\/types\/product"}],"replies":[{"embeddable":true,"href":"https:\/\/classeducation.com\/en\/wp-json\/wp\/v2\/comments?post=14691"}],"wp:featuredmedia":[{"embeddable":true,"href":"https:\/\/classeducation.com\/en\/wp-json\/wp\/v2\/media\/14692"}],"wp:attachment":[{"href":"https:\/\/classeducation.com\/en\/wp-json\/wp\/v2\/media?parent=14691"}],"wp:term":[{"taxonomy":"product_brand","embeddable":true,"href":"https:\/\/classeducation.com\/en\/wp-json\/wp\/v2\/product_brand?post=14691"},{"taxonomy":"product_cat","embeddable":true,"href":"https:\/\/classeducation.com\/en\/wp-json\/wp\/v2\/product_cat?post=14691"},{"taxonomy":"product_tag","embeddable":true,"href":"https:\/\/classeducation.com\/en\/wp-json\/wp\/v2\/product_tag?post=14691"}],"curies":[{"name":"wp","href":"https:\/\/api.w.org\/{rel}","templated":true}]}}