{"id":13577,"date":"2021-03-11T10:53:11","date_gmt":"2021-03-11T16:53:11","guid":{"rendered":"https:\/\/classeducation.com\/demo\/?post_type=product&#038;p=13577"},"modified":"2022-02-23T12:38:45","modified_gmt":"2022-02-23T18:38:45","slug":"ces-toronto-copia","status":"publish","type":"product","link":"https:\/\/classeducation.com\/en\/product\/ces-toronto-copia\/","title":{"rendered":"Greystone College"},"content":{"rendered":"<p>Greystone College\u00a0es una escuela profesional privada establecida en 2002, ofrece una formaci\u00f3n profesional de primera calidad en un entorno intercultural.<\/p>\n<p>Vancouver, the host city of the 2010 Winter Olympics, is consistently ranked as one of the best cities in the world to live in. It is also the largest city in western Canada and the largest port in Canada, making it an important center for both commerce and tourism.<\/p>","protected":false},"excerpt":{"rendered":"<p>Greystone College\u00a0es una escuela profesional privada establecida en 2002, ofrece una formaci\u00f3n profesional de primera calidad en un entorno intercultural. Vancouver, la ciudad anfitriona de los Juegos Ol\u00edmpicos de invierno de 2010, est\u00e1 constantemente clasificada como una de las mejores ciudades del mundo para vivir. Tambi\u00e9n es la ciudad m\u00e1s grande del oeste de Canad\u00e1 [&hellip;]<\/p>\n","protected":false},"featured_media":13570,"comment_status":"open","ping_status":"closed","template":"","meta":{"_acf_changed":false},"product_brand":[],"product_cat":[48,53],"product_tag":[],"class_list":{"0":"post-13577","1":"product","2":"type-product","3":"status-publish","4":"has-post-thumbnail","6":"product_cat-canada","7":"product_cat-estudia-y-trabaja","9":"first","10":"instock","11":"virtual","12":"product-type-simple"},"acf":[],"_links":{"self":[{"href":"https:\/\/classeducation.com\/en\/wp-json\/wp\/v2\/product\/13577","targetHints":{"allow":["GET"]}}],"collection":[{"href":"https:\/\/classeducation.com\/en\/wp-json\/wp\/v2\/product"}],"about":[{"href":"https:\/\/classeducation.com\/en\/wp-json\/wp\/v2\/types\/product"}],"replies":[{"embeddable":true,"href":"https:\/\/classeducation.com\/en\/wp-json\/wp\/v2\/comments?post=13577"}],"wp:featuredmedia":[{"embeddable":true,"href":"https:\/\/classeducation.com\/en\/wp-json\/wp\/v2\/media\/13570"}],"wp:attachment":[{"href":"https:\/\/classeducation.com\/en\/wp-json\/wp\/v2\/media?parent=13577"}],"wp:term":[{"taxonomy":"product_brand","embeddable":true,"href":"https:\/\/classeducation.com\/en\/wp-json\/wp\/v2\/product_brand?post=13577"},{"taxonomy":"product_cat","embeddable":true,"href":"https:\/\/classeducation.com\/en\/wp-json\/wp\/v2\/product_cat?post=13577"},{"taxonomy":"product_tag","embeddable":true,"href":"https:\/\/classeducation.com\/en\/wp-json\/wp\/v2\/product_tag?post=13577"}],"curies":[{"name":"wp","href":"https:\/\/api.w.org\/{rel}","templated":true}]}}