{"id":13547,"date":"2021-03-10T15:12:03","date_gmt":"2021-03-10T21:12:03","guid":{"rendered":"https:\/\/classeducation.com\/demo\/?post_type=product&#038;p=13547"},"modified":"2022-02-23T12:38:44","modified_gmt":"2022-02-23T18:38:44","slug":"tamwood-toronto","status":"publish","type":"product","link":"https:\/\/classeducation.com\/en\/product\/tamwood-toronto\/","title":{"rendered":"Tamwood \u2013 Toronto"},"content":{"rendered":"<p>Toronto is the largest city in Canada and offers an incredible number of attractions, events, and festivals. Tamwood's Summer Camp in Toronto is located on the campus of the University of Toronto, Mississauga. The campus is located on 225 acres of protected greenbelt along the Credit River and is a 20-minute drive from the Toronto Airport, 25 kilometers west of downtown Toronto, near Lake Ontario, Niagara Falls , Canada's Wonderland and many other famous places. Optional Activities: Ottawa Overnight Trip, Professional Soccer Game, Scenic Caves, Wasaga Beach, Central Island, Canoeing and Hiking, Excursions: Niagara Falls, Blue Jay Baseball Game, Ontario Science Center, Toronto Premium Outlet, Royal Museum Ontario, Playdium Park, Canada Wonderland, Casa Loma Toronto, Island Centerville Amusement, Square One Shopping Mall, Yonge Street and Eaton Center, NHL Hall of Fame.<\/p>","protected":false},"excerpt":{"rendered":"<p>Toronto es la ciudad m\u00e1s grande de Canad\u00e1 y ofrece una incre\u00edble cantidad de atracciones, eventos y festivales. El campamento de verano de Tamwood en Toronto se encuentra en el campus de la Universidad de Toronto, Mississauga. El campus est\u00e1 situado en 225 acres de cintur\u00f3n verde protegido a lo largo del r\u00edo Credit y [&hellip;]<\/p>\n","protected":false},"featured_media":13534,"comment_status":"open","ping_status":"closed","template":"","meta":{"_acf_changed":false},"product_brand":[],"product_cat":[50,48],"product_tag":[],"class_list":{"0":"post-13547","1":"product","2":"type-product","3":"status-publish","4":"has-post-thumbnail","6":"product_cat-camps","7":"product_cat-canada","9":"first","10":"instock","11":"virtual","12":"product-type-simple"},"acf":[],"_links":{"self":[{"href":"https:\/\/classeducation.com\/en\/wp-json\/wp\/v2\/product\/13547","targetHints":{"allow":["GET"]}}],"collection":[{"href":"https:\/\/classeducation.com\/en\/wp-json\/wp\/v2\/product"}],"about":[{"href":"https:\/\/classeducation.com\/en\/wp-json\/wp\/v2\/types\/product"}],"replies":[{"embeddable":true,"href":"https:\/\/classeducation.com\/en\/wp-json\/wp\/v2\/comments?post=13547"}],"wp:featuredmedia":[{"embeddable":true,"href":"https:\/\/classeducation.com\/en\/wp-json\/wp\/v2\/media\/13534"}],"wp:attachment":[{"href":"https:\/\/classeducation.com\/en\/wp-json\/wp\/v2\/media?parent=13547"}],"wp:term":[{"taxonomy":"product_brand","embeddable":true,"href":"https:\/\/classeducation.com\/en\/wp-json\/wp\/v2\/product_brand?post=13547"},{"taxonomy":"product_cat","embeddable":true,"href":"https:\/\/classeducation.com\/en\/wp-json\/wp\/v2\/product_cat?post=13547"},{"taxonomy":"product_tag","embeddable":true,"href":"https:\/\/classeducation.com\/en\/wp-json\/wp\/v2\/product_tag?post=13547"}],"curies":[{"name":"wp","href":"https:\/\/api.w.org\/{rel}","templated":true}]}}