{"id":13533,"date":"2021-03-10T14:58:01","date_gmt":"2021-03-10T20:58:01","guid":{"rendered":"https:\/\/classeducation.com\/demo\/?post_type=product&#038;p=13533"},"modified":"2022-02-23T12:38:43","modified_gmt":"2022-02-23T18:38:43","slug":"tamwood-vancouver","status":"publish","type":"product","link":"https:\/\/classeducation.com\/en\/product\/tamwood-vancouver\/","title":{"rendered":"Tamwood \u2013 Vancouver"},"content":{"rendered":"<p style=\"text-align: justify;\">Tamwood dirige un campamento de verano en ingl\u00e9s para ni\u00f1os y adolescentes de 7 a 18 a\u00f1os. ubicado en Simon Fraser University.<\/p>\n<p style=\"text-align: justify;\">Vancouver, host of the 2010 Olympic Games, is considered one of the most beautiful cities in Canada. Situated on the Pacific Ocean, this growing metropolis is surrounded by beaches and mountains. Tamwood Vancouver Summer Camp is located at the prestigious Simon Fraser University (SFU), on top of Burnaby Mountain overlooking Vancouver. Downtown Vancouver is just a 25-minute drive from SFU.<\/p>","protected":false},"excerpt":{"rendered":"<p>Tamwood dirige un campamento de verano en ingl\u00e9s para ni\u00f1os y adolescentes de 7 a 18 a\u00f1os. ubicado en Simon Fraser University. Vancouver sede de los Juegos Ol\u00edmpicos de 2010, es considerada una de las ciudades m\u00e1s bellas de Canad\u00e1. Situada en el Oc\u00e9ano Pac\u00edfico, esta metr\u00f3poli en crecimiento est\u00e1 rodeada de playas y monta\u00f1as. [&hellip;]<\/p>\n","protected":false},"featured_media":13513,"comment_status":"open","ping_status":"closed","template":"","meta":{"_acf_changed":false},"product_brand":[],"product_cat":[50,48],"product_tag":[],"class_list":{"0":"post-13533","1":"product","2":"type-product","3":"status-publish","4":"has-post-thumbnail","6":"product_cat-camps","7":"product_cat-canada","9":"first","10":"instock","11":"virtual","12":"product-type-simple"},"acf":[],"_links":{"self":[{"href":"https:\/\/classeducation.com\/en\/wp-json\/wp\/v2\/product\/13533","targetHints":{"allow":["GET"]}}],"collection":[{"href":"https:\/\/classeducation.com\/en\/wp-json\/wp\/v2\/product"}],"about":[{"href":"https:\/\/classeducation.com\/en\/wp-json\/wp\/v2\/types\/product"}],"replies":[{"embeddable":true,"href":"https:\/\/classeducation.com\/en\/wp-json\/wp\/v2\/comments?post=13533"}],"wp:featuredmedia":[{"embeddable":true,"href":"https:\/\/classeducation.com\/en\/wp-json\/wp\/v2\/media\/13513"}],"wp:attachment":[{"href":"https:\/\/classeducation.com\/en\/wp-json\/wp\/v2\/media?parent=13533"}],"wp:term":[{"taxonomy":"product_brand","embeddable":true,"href":"https:\/\/classeducation.com\/en\/wp-json\/wp\/v2\/product_brand?post=13533"},{"taxonomy":"product_cat","embeddable":true,"href":"https:\/\/classeducation.com\/en\/wp-json\/wp\/v2\/product_cat?post=13533"},{"taxonomy":"product_tag","embeddable":true,"href":"https:\/\/classeducation.com\/en\/wp-json\/wp\/v2\/product_tag?post=13533"}],"curies":[{"name":"wp","href":"https:\/\/api.w.org\/{rel}","templated":true}]}}