{"id":13486,"date":"2021-03-10T12:28:19","date_gmt":"2021-03-10T18:28:19","guid":{"rendered":"https:\/\/classeducation.com\/demo\/?post_type=product&#038;p=13486"},"modified":"2022-02-23T12:38:42","modified_gmt":"2022-02-23T18:38:42","slug":"ilsc-montreal","status":"publish","type":"product","link":"https:\/\/classeducation.com\/en\/product\/ilsc-montreal\/","title":{"rendered":"ILSC \u2013 Montr\u00e9al"},"content":{"rendered":"<p style=\"text-align: justify;\">Discover your \u201cjoie de vivre\u201d (in French, \u201cjoie de vivre\u201d) in this bilingual metropolis with its cultural art, its spark and its urban setting. Enjoy a unique blend of old-fashioned European charm and lively urban culture in Montreal, the world's largest French-speaking city outside of Paris.<\/p>\n<p style=\"text-align: justify;\">ILSC-Montreal tambi\u00e9n ofrece programas vocacionales de Formaci\u00f3n Docente. Para programas de formaci\u00f3n docente, visita nuestra web CELTA (de las siglas en ingl\u00e9s para Certificado en Ense\u00f1anza del Ingl\u00e9s a Adultos) o mira la p\u00e1gina del Programa TESOL TKT. Visite nuestra web de Aprenda Franc\u00e9s para informaci\u00f3n sobre nuestro programa de formaci\u00f3n de Profesores de Franc\u00e9s, CEFLE (de las siglas en franc\u00e9s para Certificado de Ense\u00f1anza del Franc\u00e9s como Segunda Lengua o Lengua Extranjera).<\/p>","protected":false},"excerpt":{"rendered":"<p>Descubre tu \u201calegr\u00eda de vivir\u201d (en franc\u00e9s, \u201cjoie de vivre\u201d) en esta metr\u00f3polis biling\u00fce con su arte cultural, su chispa y su escenario urbano.\u00a0 Disfruta de una mezcla \u00fanica de encanto antiguo europeo y una cultura urbana viva en Montreal, la ciudad de habla francesa m\u00e1s grande del mundo fuera de Par\u00eds. ILSC-Montreal tambi\u00e9n ofrece [&hellip;]<\/p>\n","protected":false},"featured_media":13473,"comment_status":"open","ping_status":"closed","template":"","meta":{"_acf_changed":false},"product_brand":[],"product_cat":[48,49,55],"product_tag":[],"class_list":{"0":"post-13486","1":"product","2":"type-product","3":"status-publish","4":"has-post-thumbnail","6":"product_cat-canada","7":"product_cat-colleges-universidades","8":"product_cat-idiomas","10":"first","11":"instock","12":"virtual","13":"product-type-simple"},"acf":[],"_links":{"self":[{"href":"https:\/\/classeducation.com\/en\/wp-json\/wp\/v2\/product\/13486","targetHints":{"allow":["GET"]}}],"collection":[{"href":"https:\/\/classeducation.com\/en\/wp-json\/wp\/v2\/product"}],"about":[{"href":"https:\/\/classeducation.com\/en\/wp-json\/wp\/v2\/types\/product"}],"replies":[{"embeddable":true,"href":"https:\/\/classeducation.com\/en\/wp-json\/wp\/v2\/comments?post=13486"}],"wp:featuredmedia":[{"embeddable":true,"href":"https:\/\/classeducation.com\/en\/wp-json\/wp\/v2\/media\/13473"}],"wp:attachment":[{"href":"https:\/\/classeducation.com\/en\/wp-json\/wp\/v2\/media?parent=13486"}],"wp:term":[{"taxonomy":"product_brand","embeddable":true,"href":"https:\/\/classeducation.com\/en\/wp-json\/wp\/v2\/product_brand?post=13486"},{"taxonomy":"product_cat","embeddable":true,"href":"https:\/\/classeducation.com\/en\/wp-json\/wp\/v2\/product_cat?post=13486"},{"taxonomy":"product_tag","embeddable":true,"href":"https:\/\/classeducation.com\/en\/wp-json\/wp\/v2\/product_tag?post=13486"}],"curies":[{"name":"wp","href":"https:\/\/api.w.org\/{rel}","templated":true}]}}