{"id":13472,"date":"2021-03-10T12:10:17","date_gmt":"2021-03-10T18:10:17","guid":{"rendered":"https:\/\/classeducation.com\/demo\/?post_type=product&#038;p=13472"},"modified":"2022-02-23T12:38:41","modified_gmt":"2022-02-23T18:38:41","slug":"ilsc-toronto","status":"publish","type":"product","link":"https:\/\/classeducation.com\/en\/product\/ilsc-toronto\/","title":{"rendered":"ILSC \u2013 Toronto"},"content":{"rendered":"<p style=\"text-align: justify;\">Toronto, the most multicultural city on the planet and the center stage of Canadian business and culture, Toronto is the largest city in Canada, a vibrant and overflowing metropolis with more than 5.5 million inhabitants. This fascinating and culturally diverse city is made up of many unique neighborhoods. No matter where you are, there is something for everyone - from business, to art, fashion, culture, film, sports and music. If you like to explore the outdoors you are also in luck.<\/p>\n<p style=\"text-align: justify;\">Choose from a wide selection of courses and programs customized to achieve your passions and goals. Some of the most prominent courses are English through Journalism and English through Global Social Affairs and programs such as the University Transfer Program.<\/p>","protected":false},"excerpt":{"rendered":"<p>Toronto, la ciudad m\u00e1s multicultural del planeta y el escenario central de los negocios y cultura canadiense.Toronto es la ciudad m\u00e1s grande de Canad\u00e1, una vibrante y desbordante metr\u00f3polis con m\u00e1s de 5,5 millones de habitantes. Esta ciudad fascinante y culturalmente diversa est\u00e1 compuesta de muchos barrios \u00fanicos. No importa d\u00f3nde est\u00e9s, hay algo para [&hellip;]<\/p>\n","protected":false},"featured_media":13463,"comment_status":"open","ping_status":"closed","template":"","meta":{"_acf_changed":false},"product_brand":[],"product_cat":[48,49,55],"product_tag":[],"class_list":{"0":"post-13472","1":"product","2":"type-product","3":"status-publish","4":"has-post-thumbnail","6":"product_cat-canada","7":"product_cat-colleges-universidades","8":"product_cat-idiomas","10":"first","11":"instock","12":"virtual","13":"product-type-simple"},"acf":[],"_links":{"self":[{"href":"https:\/\/classeducation.com\/en\/wp-json\/wp\/v2\/product\/13472","targetHints":{"allow":["GET"]}}],"collection":[{"href":"https:\/\/classeducation.com\/en\/wp-json\/wp\/v2\/product"}],"about":[{"href":"https:\/\/classeducation.com\/en\/wp-json\/wp\/v2\/types\/product"}],"replies":[{"embeddable":true,"href":"https:\/\/classeducation.com\/en\/wp-json\/wp\/v2\/comments?post=13472"}],"wp:featuredmedia":[{"embeddable":true,"href":"https:\/\/classeducation.com\/en\/wp-json\/wp\/v2\/media\/13463"}],"wp:attachment":[{"href":"https:\/\/classeducation.com\/en\/wp-json\/wp\/v2\/media?parent=13472"}],"wp:term":[{"taxonomy":"product_brand","embeddable":true,"href":"https:\/\/classeducation.com\/en\/wp-json\/wp\/v2\/product_brand?post=13472"},{"taxonomy":"product_cat","embeddable":true,"href":"https:\/\/classeducation.com\/en\/wp-json\/wp\/v2\/product_cat?post=13472"},{"taxonomy":"product_tag","embeddable":true,"href":"https:\/\/classeducation.com\/en\/wp-json\/wp\/v2\/product_tag?post=13472"}],"curies":[{"name":"wp","href":"https:\/\/api.w.org\/{rel}","templated":true}]}}