{"id":13451,"date":"2021-03-10T10:43:57","date_gmt":"2021-03-10T16:43:57","guid":{"rendered":"https:\/\/classeducation.com\/demo\/?post_type=product&#038;p=13451"},"modified":"2022-03-11T19:00:21","modified_gmt":"2022-03-12T01:00:21","slug":"ilsc-vancouver","status":"publish","type":"product","link":"https:\/\/classeducation.com\/en\/product\/ilsc-vancouver\/","title":{"rendered":"ILSC \u2013 Vancouver"},"content":{"rendered":"<div class=\"field field-name-field-about field-type-text-long field-label-hidden\">\n<div class=\"field-items\">\n<div class=\"field-item even\">\n<p style=\"text-align: justify;\">Home to the 2010 Winter Olympics and ranked as one of the world's \"Highest Quality of Life Cities\", Vancouver is a place like no other. The city's incredible scenery invites exploration and offers outdoor adventures for every interest, from skiing and snowboarding to kayaking, beach volleyball, biking, hiking, or even relaxing with friends on local beaches. You can also experience Vancouver's urban culture at the city's many museums, art galleries, nightclubs, restaurants, coffee shops, and festivals.<\/p>\n<\/div>\n<\/div>\n<\/div>\n<p style=\"text-align: justify;\">ILSC-Vancouver campuses are centrally located, close to major transit stations, banks, restaurants, shops, and more!<\/p>\n<div class=\"program-course-section col-xs-12 col-sm-12 col-md-7 col-lg-7\">\n<div class=\"field field-name-field-city-language-tests field-type-text-long field-label-hidden\">\n<div class=\"field-items\">\n<div class=\"field-item even\">\n<p style=\"text-align: justify;\">ILSC-Vancouver is an official language test center for IELTS, TOEIC and the Cambridge FCE, CAE, CPE and BEC Exams.<\/p>\n<\/div>\n<\/div>\n<\/div>\n<\/div>","protected":false},"excerpt":{"rendered":"<p>Sede de los Juegos Ol\u00edmpicos de Invierno 2010 y clasificada como una de las \u201cciudades con mayor calidad de vida\u201d del mundo, Vancouver es un lugar como ning\u00fan otro. El incre\u00edble paisaje de la ciudad invita a la exploraci\u00f3n y ofrece aventuras al aire libre para cada inter\u00e9s, desde esquiar y hacer snowboard hasta montar [&hellip;]<\/p>\n","protected":false},"featured_media":13425,"comment_status":"open","ping_status":"closed","template":"","meta":{"_acf_changed":false},"product_brand":[],"product_cat":[48,49,55],"product_tag":[],"class_list":{"0":"post-13451","1":"product","2":"type-product","3":"status-publish","4":"has-post-thumbnail","6":"product_cat-canada","7":"product_cat-colleges-universidades","8":"product_cat-idiomas","10":"first","11":"instock","12":"virtual","13":"product-type-simple"},"acf":[],"_links":{"self":[{"href":"https:\/\/classeducation.com\/en\/wp-json\/wp\/v2\/product\/13451","targetHints":{"allow":["GET"]}}],"collection":[{"href":"https:\/\/classeducation.com\/en\/wp-json\/wp\/v2\/product"}],"about":[{"href":"https:\/\/classeducation.com\/en\/wp-json\/wp\/v2\/types\/product"}],"replies":[{"embeddable":true,"href":"https:\/\/classeducation.com\/en\/wp-json\/wp\/v2\/comments?post=13451"}],"wp:featuredmedia":[{"embeddable":true,"href":"https:\/\/classeducation.com\/en\/wp-json\/wp\/v2\/media\/13425"}],"wp:attachment":[{"href":"https:\/\/classeducation.com\/en\/wp-json\/wp\/v2\/media?parent=13451"}],"wp:term":[{"taxonomy":"product_brand","embeddable":true,"href":"https:\/\/classeducation.com\/en\/wp-json\/wp\/v2\/product_brand?post=13451"},{"taxonomy":"product_cat","embeddable":true,"href":"https:\/\/classeducation.com\/en\/wp-json\/wp\/v2\/product_cat?post=13451"},{"taxonomy":"product_tag","embeddable":true,"href":"https:\/\/classeducation.com\/en\/wp-json\/wp\/v2\/product_tag?post=13451"}],"curies":[{"name":"wp","href":"https:\/\/api.w.org\/{rel}","templated":true}]}}