{"id":13424,"date":"2021-03-10T10:18:50","date_gmt":"2021-03-10T16:18:50","guid":{"rendered":"https:\/\/classeducation.com\/demo\/?post_type=product&#038;p=13424"},"modified":"2022-02-23T12:38:40","modified_gmt":"2022-02-23T18:38:40","slug":"ilsc-junior-programs-vancouver","status":"publish","type":"product","link":"https:\/\/classeducation.com\/en\/product\/ilsc-junior-programs-vancouver\/","title":{"rendered":"ILSC Junior Programs \u2013 Vancouver"},"content":{"rendered":"<p>Vancouver has continually been voted the most livable city in the world! No other place in the world can compete with its location on the Pacific Ocean, its sandy beaches, its lush forests, its beautiful parks and its towering snow-capped mountains. At our Junior Camp at UBC, walks, suspension bridges, shopping excursions, museums, amusement parks and water slides await you.<\/p>","protected":false},"excerpt":{"rendered":"<p>\u00a1Vancouver ha sido elegida continuamente como la ciudad m\u00e1s habitable del mundo! Ning\u00fan otro lugar en el mundo puede competir con su ubicaci\u00f3n en el Oc\u00e9ano Pac\u00edfico, sus playas de arena, sus frondosos bosques, sus hermosos parques y sus elevadas monta\u00f1as nevadas. En nuestro Campamento Junior en la UBC, te esperan caminatas, puentes colgantes, excursiones [&hellip;]<\/p>\n","protected":false},"featured_media":13415,"comment_status":"open","ping_status":"closed","template":"","meta":{"_acf_changed":false},"product_brand":[],"product_cat":[50,48],"product_tag":[],"class_list":{"0":"post-13424","1":"product","2":"type-product","3":"status-publish","4":"has-post-thumbnail","6":"product_cat-camps","7":"product_cat-canada","9":"first","10":"instock","11":"virtual","12":"product-type-simple"},"acf":[],"_links":{"self":[{"href":"https:\/\/classeducation.com\/en\/wp-json\/wp\/v2\/product\/13424","targetHints":{"allow":["GET"]}}],"collection":[{"href":"https:\/\/classeducation.com\/en\/wp-json\/wp\/v2\/product"}],"about":[{"href":"https:\/\/classeducation.com\/en\/wp-json\/wp\/v2\/types\/product"}],"replies":[{"embeddable":true,"href":"https:\/\/classeducation.com\/en\/wp-json\/wp\/v2\/comments?post=13424"}],"wp:featuredmedia":[{"embeddable":true,"href":"https:\/\/classeducation.com\/en\/wp-json\/wp\/v2\/media\/13415"}],"wp:attachment":[{"href":"https:\/\/classeducation.com\/en\/wp-json\/wp\/v2\/media?parent=13424"}],"wp:term":[{"taxonomy":"product_brand","embeddable":true,"href":"https:\/\/classeducation.com\/en\/wp-json\/wp\/v2\/product_brand?post=13424"},{"taxonomy":"product_cat","embeddable":true,"href":"https:\/\/classeducation.com\/en\/wp-json\/wp\/v2\/product_cat?post=13424"},{"taxonomy":"product_tag","embeddable":true,"href":"https:\/\/classeducation.com\/en\/wp-json\/wp\/v2\/product_tag?post=13424"}],"curies":[{"name":"wp","href":"https:\/\/api.w.org\/{rel}","templated":true}]}}