{"id":13414,"date":"2021-03-10T10:07:09","date_gmt":"2021-03-10T16:07:09","guid":{"rendered":"https:\/\/classeducation.com\/demo\/?post_type=product&#038;p=13414"},"modified":"2022-02-23T12:38:40","modified_gmt":"2022-02-23T18:38:40","slug":"ilsc-junior-programs-toronto","status":"publish","type":"product","link":"https:\/\/classeducation.com\/en\/product\/ilsc-junior-programs-toronto\/","title":{"rendered":"ILSC Junior Programs \u2013 Toronto"},"content":{"rendered":"<p style=\"text-align: justify;\">People call Toronto \"the world within a city.\" It is one of the most diverse cities on the planet and is home to more than 100 different ethnic and cultural groups. Toronto is often described as the cultural, entertainment and financial capital of Canada. Come see with your own eyes!<\/p>\n<p style=\"text-align: justify;\">Live with a supportive host family and learn English on our modern campus, located in the heart of downtown Toronto, close to the Eaton Center and popular Yonge-Dundas Plaza.<\/p>","protected":false},"excerpt":{"rendered":"<p>No es de extra\u00f1ar que la gente llame a Toronto \u201cel mundo dentro de una ciudad\u201d. Es una de las ciudades m\u00e1s diversas del planeta y alberga a m\u00e1s de 100 grupos \u00e9tnicos y culturales diferentes. Toronto se describe a menudo como la capital cultural, de entretenimiento y financiera de Canad\u00e1. \u00a1Ven a ver con [&hellip;]<\/p>\n","protected":false},"featured_media":13405,"comment_status":"open","ping_status":"closed","template":"","meta":{"_acf_changed":false},"product_brand":[],"product_cat":[50,48],"product_tag":[],"class_list":{"0":"post-13414","1":"product","2":"type-product","3":"status-publish","4":"has-post-thumbnail","6":"product_cat-camps","7":"product_cat-canada","9":"first","10":"instock","11":"virtual","12":"product-type-simple"},"acf":[],"_links":{"self":[{"href":"https:\/\/classeducation.com\/en\/wp-json\/wp\/v2\/product\/13414","targetHints":{"allow":["GET"]}}],"collection":[{"href":"https:\/\/classeducation.com\/en\/wp-json\/wp\/v2\/product"}],"about":[{"href":"https:\/\/classeducation.com\/en\/wp-json\/wp\/v2\/types\/product"}],"replies":[{"embeddable":true,"href":"https:\/\/classeducation.com\/en\/wp-json\/wp\/v2\/comments?post=13414"}],"wp:featuredmedia":[{"embeddable":true,"href":"https:\/\/classeducation.com\/en\/wp-json\/wp\/v2\/media\/13405"}],"wp:attachment":[{"href":"https:\/\/classeducation.com\/en\/wp-json\/wp\/v2\/media?parent=13414"}],"wp:term":[{"taxonomy":"product_brand","embeddable":true,"href":"https:\/\/classeducation.com\/en\/wp-json\/wp\/v2\/product_brand?post=13414"},{"taxonomy":"product_cat","embeddable":true,"href":"https:\/\/classeducation.com\/en\/wp-json\/wp\/v2\/product_cat?post=13414"},{"taxonomy":"product_tag","embeddable":true,"href":"https:\/\/classeducation.com\/en\/wp-json\/wp\/v2\/product_tag?post=13414"}],"curies":[{"name":"wp","href":"https:\/\/api.w.org\/{rel}","templated":true}]}}