{"id":13403,"date":"2021-03-10T09:52:17","date_gmt":"2021-03-10T15:52:17","guid":{"rendered":"https:\/\/classeducation.com\/demo\/?post_type=product&#038;p=13403"},"modified":"2022-03-11T18:56:28","modified_gmt":"2022-03-12T00:56:28","slug":"ilsc-junior-programs-montreal","status":"publish","type":"product","link":"https:\/\/classeducation.com\/en\/product\/ilsc-junior-programs-montreal\/","title":{"rendered":"ILSC Junior Programs \u2013 Montreal"},"content":{"rendered":"<p>Montreal is the second largest city in Canada and is rich in culture and history. As one of the most livable cities in the world, Montreal has become the \"Cultural Capital of Canada\" by becoming an ever-growing center for the country's commerce, arts, culture, and architecture. At our Junior Camps, students can expect to experience old world charm, infused with the modern and expensive lifestyle. Activities can include anything from a hike to the famous Mount Royale (which is Montreal's name), to an adventure in Montreal's iconic biosphere. Wherever you go, you will surely feel like you have entered a whole new world!<\/p>","protected":false},"excerpt":{"rendered":"<p>Montreal es la segunda ciudad m\u00e1s grande de Canad\u00e1 y es rica en cultura e historia. Como una de las ciudades m\u00e1s habitables del mundo, Montreal se ha convertido en la \u201cCapital Cultural de Canad\u00e1\u201d al convertirse en un centro en constante crecimiento para el comercio, las artes, la cultura y la arquitectura del pa\u00eds. [&hellip;]<\/p>\n","protected":false},"featured_media":13392,"comment_status":"open","ping_status":"closed","template":"","meta":{"_acf_changed":false},"product_brand":[],"product_cat":[50,48],"product_tag":[],"class_list":{"0":"post-13403","1":"product","2":"type-product","3":"status-publish","4":"has-post-thumbnail","6":"product_cat-camps","7":"product_cat-canada","9":"first","10":"instock","11":"virtual","12":"product-type-simple"},"acf":[],"_links":{"self":[{"href":"https:\/\/classeducation.com\/en\/wp-json\/wp\/v2\/product\/13403","targetHints":{"allow":["GET"]}}],"collection":[{"href":"https:\/\/classeducation.com\/en\/wp-json\/wp\/v2\/product"}],"about":[{"href":"https:\/\/classeducation.com\/en\/wp-json\/wp\/v2\/types\/product"}],"replies":[{"embeddable":true,"href":"https:\/\/classeducation.com\/en\/wp-json\/wp\/v2\/comments?post=13403"}],"wp:featuredmedia":[{"embeddable":true,"href":"https:\/\/classeducation.com\/en\/wp-json\/wp\/v2\/media\/13392"}],"wp:attachment":[{"href":"https:\/\/classeducation.com\/en\/wp-json\/wp\/v2\/media?parent=13403"}],"wp:term":[{"taxonomy":"product_brand","embeddable":true,"href":"https:\/\/classeducation.com\/en\/wp-json\/wp\/v2\/product_brand?post=13403"},{"taxonomy":"product_cat","embeddable":true,"href":"https:\/\/classeducation.com\/en\/wp-json\/wp\/v2\/product_cat?post=13403"},{"taxonomy":"product_tag","embeddable":true,"href":"https:\/\/classeducation.com\/en\/wp-json\/wp\/v2\/product_tag?post=13403"}],"curies":[{"name":"wp","href":"https:\/\/api.w.org\/{rel}","templated":true}]}}