{"id":13386,"date":"2021-03-09T16:32:02","date_gmt":"2021-03-09T22:32:02","guid":{"rendered":"https:\/\/classeducation.com\/demo\/?post_type=product&#038;p=13386"},"modified":"2022-02-23T12:38:39","modified_gmt":"2022-02-23T18:38:39","slug":"ec-montreal","status":"publish","type":"product","link":"https:\/\/classeducation.com\/en\/product\/ec-montreal\/","title":{"rendered":"EC Montreal"},"content":{"rendered":"<p style=\"text-align: justify;\">Learn English \/ French in Montreal!<\/p>\n<p style=\"text-align: justify;\">It is the largest bilingual city in the world and in addition, Montreal has European charm with a unique English and French cultural mix. Enjoy socio-cultural events: the world famous \"Cirque du Soleil\", go shopping or enjoy the inviting nightlife. It has an excellent public transport network; just an hour away, the Laurentian Mountains offers the opportunity to practice sports activities in both winter and summer. EC Montreal is a welcoming place; a modern school located in the heart of the city, where students can choose whether they prefer to study French, English or both.<\/p>","protected":false},"excerpt":{"rendered":"<p>Aprende ingl\u00e9s\/franc\u00e9s en Montreal! Es la ciudad biling\u00fce m\u00e1s grande del mundo y adem\u00e1s, Montreal, tiene el encanto europeo con una mezcla cultural inglesa y francesa \u00fanicas. Disfruta de eventos socio-culturales: el mundialmente conocido \u201cCirque du Soleil\u201d, vete de compras o disfruta de la apetecible vida nocturna. Tiene una excelente red de transporte p\u00fablico; pues [&hellip;]<\/p>\n","protected":false},"featured_media":13371,"comment_status":"open","ping_status":"closed","template":"","meta":{"_acf_changed":false},"product_brand":[],"product_cat":[48,55],"product_tag":[],"class_list":{"0":"post-13386","1":"product","2":"type-product","3":"status-publish","4":"has-post-thumbnail","6":"product_cat-canada","7":"product_cat-idiomas","9":"first","10":"instock","11":"virtual","12":"product-type-simple"},"acf":[],"_links":{"self":[{"href":"https:\/\/classeducation.com\/en\/wp-json\/wp\/v2\/product\/13386","targetHints":{"allow":["GET"]}}],"collection":[{"href":"https:\/\/classeducation.com\/en\/wp-json\/wp\/v2\/product"}],"about":[{"href":"https:\/\/classeducation.com\/en\/wp-json\/wp\/v2\/types\/product"}],"replies":[{"embeddable":true,"href":"https:\/\/classeducation.com\/en\/wp-json\/wp\/v2\/comments?post=13386"}],"wp:featuredmedia":[{"embeddable":true,"href":"https:\/\/classeducation.com\/en\/wp-json\/wp\/v2\/media\/13371"}],"wp:attachment":[{"href":"https:\/\/classeducation.com\/en\/wp-json\/wp\/v2\/media?parent=13386"}],"wp:term":[{"taxonomy":"product_brand","embeddable":true,"href":"https:\/\/classeducation.com\/en\/wp-json\/wp\/v2\/product_brand?post=13386"},{"taxonomy":"product_cat","embeddable":true,"href":"https:\/\/classeducation.com\/en\/wp-json\/wp\/v2\/product_cat?post=13386"},{"taxonomy":"product_tag","embeddable":true,"href":"https:\/\/classeducation.com\/en\/wp-json\/wp\/v2\/product_tag?post=13386"}],"curies":[{"name":"wp","href":"https:\/\/api.w.org\/{rel}","templated":true}]}}