{"id":13370,"date":"2021-03-09T16:20:36","date_gmt":"2021-03-09T22:20:36","guid":{"rendered":"https:\/\/classeducation.com\/demo\/?post_type=product&#038;p=13370"},"modified":"2022-02-23T12:38:38","modified_gmt":"2022-02-23T18:38:38","slug":"ciss-st-michael","status":"publish","type":"product","link":"https:\/\/classeducation.com\/en\/product\/ciss-st-michael\/","title":{"rendered":"CISS \u2013 St. Michael"},"content":{"rendered":"<p>The CISS St. Michael program is located in the center of the University of Toronto campus, close to world-class museums, art galleries and shopping. Shared dorm rooms with full staff supervision make this the ideal program for students seeking a safe urban learning environment. CISS St. Michael\u2019s offers 20 hours of English classes per week, or our Global Leadership course for students interested in change. All courses are combined with an exciting excursion package designed to showcase Toronto's best attractions.<\/p>","protected":false},"excerpt":{"rendered":"<p>El programa CISS St. Michael est\u00e1 ubicado en el centro del campus de la Universidad de Toronto, cerca de museos, galer\u00edas de arte y tiendas de clase mundial. Las habitaciones de residencia compartidas con supervisi\u00f3n completa del personal hacen de este el programa ideal para estudiantes que buscan un ambiente de aprendizaje urbano seguro. CISS [&hellip;]<\/p>\n","protected":false},"featured_media":13348,"comment_status":"open","ping_status":"closed","template":"","meta":{"_acf_changed":false},"product_brand":[],"product_cat":[50,48],"product_tag":[],"class_list":{"0":"post-13370","1":"product","2":"type-product","3":"status-publish","4":"has-post-thumbnail","6":"product_cat-camps","7":"product_cat-canada","9":"first","10":"instock","11":"virtual","12":"product-type-simple"},"acf":[],"_links":{"self":[{"href":"https:\/\/classeducation.com\/en\/wp-json\/wp\/v2\/product\/13370","targetHints":{"allow":["GET"]}}],"collection":[{"href":"https:\/\/classeducation.com\/en\/wp-json\/wp\/v2\/product"}],"about":[{"href":"https:\/\/classeducation.com\/en\/wp-json\/wp\/v2\/types\/product"}],"replies":[{"embeddable":true,"href":"https:\/\/classeducation.com\/en\/wp-json\/wp\/v2\/comments?post=13370"}],"wp:featuredmedia":[{"embeddable":true,"href":"https:\/\/classeducation.com\/en\/wp-json\/wp\/v2\/media\/13348"}],"wp:attachment":[{"href":"https:\/\/classeducation.com\/en\/wp-json\/wp\/v2\/media?parent=13370"}],"wp:term":[{"taxonomy":"product_brand","embeddable":true,"href":"https:\/\/classeducation.com\/en\/wp-json\/wp\/v2\/product_brand?post=13370"},{"taxonomy":"product_cat","embeddable":true,"href":"https:\/\/classeducation.com\/en\/wp-json\/wp\/v2\/product_cat?post=13370"},{"taxonomy":"product_tag","embeddable":true,"href":"https:\/\/classeducation.com\/en\/wp-json\/wp\/v2\/product_tag?post=13370"}],"curies":[{"name":"wp","href":"https:\/\/api.w.org\/{rel}","templated":true}]}}