{"id":13331,"date":"2021-03-09T15:34:47","date_gmt":"2021-03-09T21:34:47","guid":{"rendered":"https:\/\/classeducation.com\/demo\/?post_type=product&#038;p=13331"},"modified":"2022-02-23T12:38:37","modified_gmt":"2022-02-23T18:38:37","slug":"ec-young-learners","status":"publish","type":"product","link":"https:\/\/classeducation.com\/en\/product\/ec-young-learners\/","title":{"rendered":"EC Young Learners"},"content":{"rendered":"<p>EC Young Learners Montreal, is a program consisting of English or French classes with exciting social and cultural activities and excursions to tourist sites. The school encourages participants to express themselves safely and confidently, as well as interact with students their age in a friendly and international environment. The program is ideal for a complete immersion in the Canadian culture and way of life; the school ensures the well-being and comfort of the student throughout their stay. Montreal is the largest bilingual city in the world, it has a unique European charm and a great cultural wealth. Students will take their classes at Dawson College located 30 minutes from downtown, with easy access to major attractions.<\/p>","protected":false},"excerpt":{"rendered":"<p>EC Young Learners Montreal, es un programa est\u00e1 conformado por clases de ingl\u00e9s o franc\u00e9s con emocionantes actividades sociales, culturales y excursiones a sitios tur\u00edsticos. La escuela anima a los participantes a que se expresen en forma segura y confiable, as\u00ed como relacionarse con estudiantes de su edad en un ambiente amigable e internacional. El [&hellip;]<\/p>\n","protected":false},"featured_media":13319,"comment_status":"open","ping_status":"closed","template":"","meta":{"_acf_changed":false},"product_brand":[],"product_cat":[50,48,56],"product_tag":[],"class_list":{"0":"post-13331","1":"product","2":"type-product","3":"status-publish","4":"has-post-thumbnail","6":"product_cat-camps","7":"product_cat-canada","8":"product_cat-licienciatura","10":"first","11":"instock","12":"virtual","13":"product-type-simple"},"acf":[],"_links":{"self":[{"href":"https:\/\/classeducation.com\/en\/wp-json\/wp\/v2\/product\/13331","targetHints":{"allow":["GET"]}}],"collection":[{"href":"https:\/\/classeducation.com\/en\/wp-json\/wp\/v2\/product"}],"about":[{"href":"https:\/\/classeducation.com\/en\/wp-json\/wp\/v2\/types\/product"}],"replies":[{"embeddable":true,"href":"https:\/\/classeducation.com\/en\/wp-json\/wp\/v2\/comments?post=13331"}],"wp:featuredmedia":[{"embeddable":true,"href":"https:\/\/classeducation.com\/en\/wp-json\/wp\/v2\/media\/13319"}],"wp:attachment":[{"href":"https:\/\/classeducation.com\/en\/wp-json\/wp\/v2\/media?parent=13331"}],"wp:term":[{"taxonomy":"product_brand","embeddable":true,"href":"https:\/\/classeducation.com\/en\/wp-json\/wp\/v2\/product_brand?post=13331"},{"taxonomy":"product_cat","embeddable":true,"href":"https:\/\/classeducation.com\/en\/wp-json\/wp\/v2\/product_cat?post=13331"},{"taxonomy":"product_tag","embeddable":true,"href":"https:\/\/classeducation.com\/en\/wp-json\/wp\/v2\/product_tag?post=13331"}],"curies":[{"name":"wp","href":"https:\/\/api.w.org\/{rel}","templated":true}]}}