{"id":13318,"date":"2021-03-09T14:58:43","date_gmt":"2021-03-09T20:58:43","guid":{"rendered":"https:\/\/classeducation.com\/demo\/?post_type=product&#038;p=13318"},"modified":"2022-07-29T18:40:34","modified_gmt":"2022-07-29T23:40:34","slug":"centennial-college","status":"publish","type":"product","link":"https:\/\/classeducation.com\/en\/product\/centennial-college\/","title":{"rendered":"Centennial College"},"content":{"rendered":"<p>Centennial College se enorgullece de ser parte de una rica historia de educaci\u00f3n en esta provincia y en esta ciudad.\u00a0Reconocemos que estamos en las tierras del tratado y el territorio de Mississaugas of the Credit First Nation y rendimos homenaje a su legado y al legado de todos los Primeros Pueblos de Canad\u00e1, mientras fortalecemos los lazos con las comunidades a las que servimos y construimos el futuro a trav\u00e9s del aprendizaje. ya trav\u00e9s de nuestros graduados.\u00a0Hoy en d\u00eda, el lugar de reuni\u00f3n tradicional de Toronto sigue siendo el hogar de muchos pueblos ind\u00edgenas de Turtle Island y estamos agradecidos de tener la oportunidad de trabajar en las comunidades que han crecido en las tierras del tratado de Mississaugas.\u00a0Reconocemos que todos somos personas de tratados y aceptamos nuestra responsabilidad de honrar todas nuestras relaciones.<\/p>","protected":false},"excerpt":{"rendered":"<p>Centennial College se enorgullece de ser parte de una rica historia de educaci\u00f3n en esta provincia y en esta ciudad.\u00a0Reconocemos que estamos en las tierras del tratado y el territorio de Mississaugas of the Credit First Nation y rendimos homenaje a su legado y al legado de todos los Primeros Pueblos de Canad\u00e1, mientras fortalecemos [&hellip;]<\/p>\n","protected":false},"featured_media":13309,"comment_status":"open","ping_status":"closed","template":"","meta":{"_acf_changed":false},"product_brand":[],"product_cat":[48,51,49,52,56,57,58],"product_tag":[],"class_list":{"0":"post-13318","1":"product","2":"type-product","3":"status-publish","4":"has-post-thumbnail","6":"product_cat-canada","7":"product_cat-certificado","8":"product_cat-colleges-universidades","9":"product_cat-diploma","10":"product_cat-licienciatura","11":"product_cat-mba","12":"product_cat-posgrado","14":"first","15":"instock","16":"virtual","17":"product-type-simple"},"acf":[],"_links":{"self":[{"href":"https:\/\/classeducation.com\/en\/wp-json\/wp\/v2\/product\/13318","targetHints":{"allow":["GET"]}}],"collection":[{"href":"https:\/\/classeducation.com\/en\/wp-json\/wp\/v2\/product"}],"about":[{"href":"https:\/\/classeducation.com\/en\/wp-json\/wp\/v2\/types\/product"}],"replies":[{"embeddable":true,"href":"https:\/\/classeducation.com\/en\/wp-json\/wp\/v2\/comments?post=13318"}],"wp:featuredmedia":[{"embeddable":true,"href":"https:\/\/classeducation.com\/en\/wp-json\/wp\/v2\/media\/13309"}],"wp:attachment":[{"href":"https:\/\/classeducation.com\/en\/wp-json\/wp\/v2\/media?parent=13318"}],"wp:term":[{"taxonomy":"product_brand","embeddable":true,"href":"https:\/\/classeducation.com\/en\/wp-json\/wp\/v2\/product_brand?post=13318"},{"taxonomy":"product_cat","embeddable":true,"href":"https:\/\/classeducation.com\/en\/wp-json\/wp\/v2\/product_cat?post=13318"},{"taxonomy":"product_tag","embeddable":true,"href":"https:\/\/classeducation.com\/en\/wp-json\/wp\/v2\/product_tag?post=13318"}],"curies":[{"name":"wp","href":"https:\/\/api.w.org\/{rel}","templated":true}]}}