{"id":13308,"date":"2021-03-09T14:45:54","date_gmt":"2021-03-09T20:45:54","guid":{"rendered":"https:\/\/classeducation.com\/demo\/?post_type=product&#038;p=13308"},"modified":"2022-03-16T22:38:28","modified_gmt":"2022-03-17T04:38:28","slug":"niagara-college-canada","status":"publish","type":"product","link":"https:\/\/classeducation.com\/en\/product\/niagara-college-canada\/","title":{"rendered":"Niagara College Canada"},"content":{"rendered":"<p>Instituci\u00f3n p\u00fablica l\u00edder, vanguardista y dentro de las 10 mejores de Canad\u00e1, ubicado en el coraz\u00f3n de la regi\u00f3n de Niagara, a solo minutos de uno de los destinos tur\u00edsticos m\u00e1s conocidos del mundo, Niagara College ofrece m\u00e1s de 130 programas innovadores entre nuestros campus de vanguardia en Welland y Niagara-on-the- Lake.<\/p>\n<p style=\"text-align: justify;\">Juntos, nuestros campus ofrecen laboratorios de vida \u00fanicos e instalaciones de primer nivel que brindan oportunidades pr\u00e1cticas de aprendizaje aplicado, \u00e1reas de estudio Business, Hospitality &amp; Tourism, Food, Wine, and Beer, Environmental Studies, Engineering and Advance Manufacturing, Applied Health and Fitness, Justice and Community Services, Media; investigaci\u00f3n aplicada de clase mundial; y clases m\u00e1s peque\u00f1as en un ambiente \u00edntimo y amigable.<\/p>","protected":false},"excerpt":{"rendered":"<p>Instituci\u00f3n p\u00fablica l\u00edder, vanguardista y dentro de las 10 mejores de Canad\u00e1, ubicado en el coraz\u00f3n de la regi\u00f3n de Niagara, a solo minutos de uno de los destinos tur\u00edsticos m\u00e1s conocidos del mundo, Niagara College ofrece m\u00e1s de 130 programas innovadores entre nuestros campus de vanguardia en Welland y Niagara-on-the- Lake. Juntos, nuestros campus [&hellip;]<\/p>\n","protected":false},"featured_media":13301,"comment_status":"open","ping_status":"closed","template":"","meta":{"_acf_changed":false},"product_brand":[],"product_cat":[48,51,49,52,56],"product_tag":[],"class_list":{"0":"post-13308","1":"product","2":"type-product","3":"status-publish","4":"has-post-thumbnail","6":"product_cat-canada","7":"product_cat-certificado","8":"product_cat-colleges-universidades","9":"product_cat-diploma","10":"product_cat-licienciatura","12":"first","13":"instock","14":"virtual","15":"product-type-simple"},"acf":[],"_links":{"self":[{"href":"https:\/\/classeducation.com\/en\/wp-json\/wp\/v2\/product\/13308","targetHints":{"allow":["GET"]}}],"collection":[{"href":"https:\/\/classeducation.com\/en\/wp-json\/wp\/v2\/product"}],"about":[{"href":"https:\/\/classeducation.com\/en\/wp-json\/wp\/v2\/types\/product"}],"replies":[{"embeddable":true,"href":"https:\/\/classeducation.com\/en\/wp-json\/wp\/v2\/comments?post=13308"}],"wp:featuredmedia":[{"embeddable":true,"href":"https:\/\/classeducation.com\/en\/wp-json\/wp\/v2\/media\/13301"}],"wp:attachment":[{"href":"https:\/\/classeducation.com\/en\/wp-json\/wp\/v2\/media?parent=13308"}],"wp:term":[{"taxonomy":"product_brand","embeddable":true,"href":"https:\/\/classeducation.com\/en\/wp-json\/wp\/v2\/product_brand?post=13308"},{"taxonomy":"product_cat","embeddable":true,"href":"https:\/\/classeducation.com\/en\/wp-json\/wp\/v2\/product_cat?post=13308"},{"taxonomy":"product_tag","embeddable":true,"href":"https:\/\/classeducation.com\/en\/wp-json\/wp\/v2\/product_tag?post=13308"}],"curies":[{"name":"wp","href":"https:\/\/api.w.org\/{rel}","templated":true}]}}