{"id":13300,"date":"2021-03-09T14:36:05","date_gmt":"2021-03-09T20:36:05","guid":{"rendered":"https:\/\/classeducation.com\/demo\/?post_type=product&#038;p=13300"},"modified":"2022-10-20T12:13:20","modified_gmt":"2022-10-20T17:13:20","slug":"lasalle-college-montreal","status":"publish","type":"product","link":"https:\/\/classeducation.com\/en\/product\/lasalle-college-montreal\/","title":{"rendered":"LaSalle College"},"content":{"rendered":"<p style=\"text-align: justify;\">LaSalle College is the largest bilingual university in North America. It brings together five specialized schools with more than 60 programs to choose from.<\/p>\n<p style=\"text-align: justify;\">Almost 25% of the student population that the campus receives each year comes from around the world. From the beginning of your studies until you graduate, you can count on LaSalle College to support you throughout your entire school career.<\/p>","protected":false},"excerpt":{"rendered":"<p>LaSalle College es la universidad biling\u00fce m\u00e1s grande de Am\u00e9rica del Norte. Re\u00fane a cinco escuelas especializadas con m\u00e1s de 60 programas para elegir. Casi el 25% de la poblaci\u00f3n estudiantil que el campus recibe cada a\u00f1o proviene de todo el mundo. Desde el comienzo de tus estudios hasta que te grad\u00faes, puedes contar con [&hellip;]<\/p>\n","protected":false},"featured_media":13295,"comment_status":"open","ping_status":"closed","template":"","meta":{"_acf_changed":false},"product_brand":[],"product_cat":[48,51,49,52],"product_tag":[],"class_list":{"0":"post-13300","1":"product","2":"type-product","3":"status-publish","4":"has-post-thumbnail","6":"product_cat-canada","7":"product_cat-certificado","8":"product_cat-colleges-universidades","9":"product_cat-diploma","11":"first","12":"instock","13":"virtual","14":"product-type-simple"},"acf":[],"_links":{"self":[{"href":"https:\/\/classeducation.com\/en\/wp-json\/wp\/v2\/product\/13300","targetHints":{"allow":["GET"]}}],"collection":[{"href":"https:\/\/classeducation.com\/en\/wp-json\/wp\/v2\/product"}],"about":[{"href":"https:\/\/classeducation.com\/en\/wp-json\/wp\/v2\/types\/product"}],"replies":[{"embeddable":true,"href":"https:\/\/classeducation.com\/en\/wp-json\/wp\/v2\/comments?post=13300"}],"wp:featuredmedia":[{"embeddable":true,"href":"https:\/\/classeducation.com\/en\/wp-json\/wp\/v2\/media\/13295"}],"wp:attachment":[{"href":"https:\/\/classeducation.com\/en\/wp-json\/wp\/v2\/media?parent=13300"}],"wp:term":[{"taxonomy":"product_brand","embeddable":true,"href":"https:\/\/classeducation.com\/en\/wp-json\/wp\/v2\/product_brand?post=13300"},{"taxonomy":"product_cat","embeddable":true,"href":"https:\/\/classeducation.com\/en\/wp-json\/wp\/v2\/product_cat?post=13300"},{"taxonomy":"product_tag","embeddable":true,"href":"https:\/\/classeducation.com\/en\/wp-json\/wp\/v2\/product_tag?post=13300"}],"curies":[{"name":"wp","href":"https:\/\/api.w.org\/{rel}","templated":true}]}}